{"id":1028,"date":"2024-07-23T23:54:29","date_gmt":"2024-07-23T21:54:29","guid":{"rendered":"https:\/\/ndist.ci\/ndi-admin\/?post_type=product&#038;p=1028"},"modified":"2024-07-24T00:05:13","modified_gmt":"2024-07-23T22:05:13","slug":"devenez-responsable-de-la-securite-des-systemes-dinformation","status":"publish","type":"product","link":"https:\/\/ndist.ci\/ndi-admin\/index.php\/produit\/devenez-responsable-de-la-securite-des-systemes-dinformation\/","title":{"rendered":"Devenez Responsable de la S\u00e9curit\u00e9 des Syst\u00e8mes d\u2019Information"},"content":{"rendered":"<div class=\"page\" title=\"Page 13\">\n<div class=\"section\">\n<div class=\"layoutArea\">\n<div class=\"column\">\n<p>Le RSSI (CISO) d\u2019une organisation (entreprise, institution) est le garant de la se\u0301curite\u0301 du Syste\u0300me d\u2019Information. Il assure la sensibilisation des utilisateurs, supervise la se\u0301curite\u0301 des syste\u0300mes et des re\u0301seaux, veille a\u0300 la se\u0301curite\u0301 des applications et des donne\u0301es. De la gouvernance cyber a\u0300 la se\u0301curite\u0301 ope\u0301rationnelle, le ro\u0302le du RSSI est devenu strate\u0301gique et incontournable. Cette formation vous permettra d\u2019acque\u0301rir les compe\u0301tences permettant d\u2019assurer les missions de ce poste passionnant.<\/p>\n<\/div>\n<\/div>\n<\/div>\n<\/div>\n","protected":false},"excerpt":{"rendered":"<div class=\"page\" title=\"Page 13\">\n<div class=\"section\">\n<div class=\"layoutArea\">\n<div class=\"column\">\n<p><strong>Nombre de jours<\/strong><\/p>\n<p>2 Jours<\/p>\n<p><strong>Prix<\/strong><\/p>\n<p>Nous consulter<\/p>\n<p><strong>Pe\u0301riode<\/strong><\/p>\n<p>Nous consulter<\/p>\n<\/div>\n<\/div>\n<\/div>\n<\/div>\n","protected":false},"featured_media":1036,"template":"","meta":[],"product_brand":[],"product_cat":[27,25],"product_tag":[],"class_list":{"0":"post-1028","1":"product","2":"type-product","3":"status-publish","4":"has-post-thumbnail","6":"product_cat-cyber-et-securite-informatique","7":"product_cat-formations","9":"first","10":"instock","11":"shipping-taxable","12":"product-type-simple"},"_links":{"self":[{"href":"https:\/\/ndist.ci\/ndi-admin\/index.php\/wp-json\/wp\/v2\/product\/1028","targetHints":{"allow":["GET"]}}],"collection":[{"href":"https:\/\/ndist.ci\/ndi-admin\/index.php\/wp-json\/wp\/v2\/product"}],"about":[{"href":"https:\/\/ndist.ci\/ndi-admin\/index.php\/wp-json\/wp\/v2\/types\/product"}],"wp:featuredmedia":[{"embeddable":true,"href":"https:\/\/ndist.ci\/ndi-admin\/index.php\/wp-json\/wp\/v2\/media\/1036"}],"wp:attachment":[{"href":"https:\/\/ndist.ci\/ndi-admin\/index.php\/wp-json\/wp\/v2\/media?parent=1028"}],"wp:term":[{"taxonomy":"product_brand","embeddable":true,"href":"https:\/\/ndist.ci\/ndi-admin\/index.php\/wp-json\/wp\/v2\/product_brand?post=1028"},{"taxonomy":"product_cat","embeddable":true,"href":"https:\/\/ndist.ci\/ndi-admin\/index.php\/wp-json\/wp\/v2\/product_cat?post=1028"},{"taxonomy":"product_tag","embeddable":true,"href":"https:\/\/ndist.ci\/ndi-admin\/index.php\/wp-json\/wp\/v2\/product_tag?post=1028"}],"curies":[{"name":"wp","href":"https:\/\/api.w.org\/{rel}","templated":true}]}}