{"id":835,"date":"2024-05-20T16:47:27","date_gmt":"2024-05-20T14:47:27","guid":{"rendered":"https:\/\/ndist.ci\/ndi-admin\/?page_id=835"},"modified":"2024-05-20T16:49:51","modified_gmt":"2024-05-20T14:49:51","slug":"hikvision","status":"publish","type":"page","link":"https:\/\/ndist.ci\/ndi-admin\/index.php\/hikvision\/","title":{"rendered":"Hikvision"},"content":{"rendered":"\t\t<div data-elementor-type=\"wp-page\" data-elementor-id=\"835\" class=\"elementor elementor-835\" data-elementor-post-type=\"page\">\n\t\t\t\t<div data-particle_enable=\"false\" data-particle-mobile-disabled=\"false\" class=\"elementor-element elementor-element-7485325 e-con-full e-flex e-con e-parent\" data-id=\"7485325\" data-element_type=\"container\" data-settings=\"{&quot;background_background&quot;:&quot;classic&quot;}\">\n\t\t\t\t<div class=\"elementor-element elementor-element-cbfda4b elementor-widget elementor-widget-heading\" data-id=\"cbfda4b\" data-element_type=\"widget\" data-widget_type=\"heading.default\">\n\t\t\t\t<div class=\"elementor-widget-container\">\n\t\t\t\t\t<h2 class=\"elementor-heading-title elementor-size-default\">HIKVISION<\/h2>\t\t\t\t<\/div>\n\t\t\t\t<\/div>\n\t\t\t\t<\/div>\n\t\t<div data-particle_enable=\"false\" data-particle-mobile-disabled=\"false\" class=\"elementor-element elementor-element-db1a3d2 e-flex e-con-boxed e-con e-parent\" data-id=\"db1a3d2\" data-element_type=\"container\" data-settings=\"{&quot;background_background&quot;:&quot;classic&quot;}\">\n\t\t\t\t\t<div class=\"e-con-inner\">\n\t\t<div data-particle_enable=\"false\" data-particle-mobile-disabled=\"false\" class=\"elementor-element elementor-element-3f4e3b6 e-flex e-con-boxed e-con e-child\" data-id=\"3f4e3b6\" data-element_type=\"container\">\n\t\t\t\t\t<div class=\"e-con-inner\">\n\t\t<div data-particle_enable=\"false\" data-particle-mobile-disabled=\"false\" class=\"elementor-element elementor-element-86d4de2 e-flex e-con-boxed e-con e-child\" data-id=\"86d4de2\" data-element_type=\"container\">\n\t\t\t\t\t<div class=\"e-con-inner\">\n\t\t\t\t<div class=\"elementor-element elementor-element-d9bb90a elementor-widget elementor-widget-heading\" data-id=\"d9bb90a\" data-element_type=\"widget\" data-widget_type=\"heading.default\">\n\t\t\t\t<div class=\"elementor-widget-container\">\n\t\t\t\t\t<h2 class=\"elementor-heading-title elementor-size-default\">Solutions AIoT haut de gamme et des syst\u00e8mes de cam\u00e9ras de s\u00e9curit\u00e9 fiables<\/h2>\t\t\t\t<\/div>\n\t\t\t\t<\/div>\n\t\t\t\t<div class=\"elementor-element elementor-element-d466ca4 elementor-widget elementor-widget-heading\" data-id=\"d466ca4\" data-element_type=\"widget\" data-widget_type=\"heading.default\">\n\t\t\t\t<div class=\"elementor-widget-container\">\n\t\t\t\t\t<h2 class=\"elementor-heading-title elementor-size-default\">Autonomiser la surveillance et l'automatisation avanc\u00e9es<\/h2>\t\t\t\t<\/div>\n\t\t\t\t<\/div>\n\t\t\t\t<div class=\"elementor-element elementor-element-6c6b77a elementor-widget elementor-widget-text-editor\" data-id=\"6c6b77a\" data-element_type=\"widget\" data-widget_type=\"text-editor.default\">\n\t\t\t\t<div class=\"elementor-widget-container\">\n\t\t\t\t\t\t\t\t\t<p>Hikvision fournit une large gamme de produits de s\u00e9curit\u00e9s physiques, couvrant la s\u00e9curit\u00e9 vid\u00e9o, le contr\u00f4le d\u2019acc\u00e8s et les syst\u00e8mes d\u2019alarme. Elle fournit \u00e9galement des solutions de s\u00e9curit\u00e9s int\u00e9gr\u00e9es aliment\u00e9es par la technologie de l\u2019IA pour soutenir les utilisateurs finaux avec de nouvelles applications et possibilit\u00e9s de gestion de la s\u00e9curit\u00e9 et de business intelligences.<\/p>\t\t\t\t\t\t\t\t<\/div>\n\t\t\t\t<\/div>\n\t\t\t\t\t<\/div>\n\t\t\t\t<\/div>\n\t\t<div data-particle_enable=\"false\" data-particle-mobile-disabled=\"false\" class=\"elementor-element elementor-element-6ace0b0 e-flex e-con-boxed e-con e-child\" data-id=\"6ace0b0\" data-element_type=\"container\">\n\t\t\t\t\t<div class=\"e-con-inner\">\n\t\t\t\t<div class=\"elementor-element elementor-element-c67b5f8 elementor-widget elementor-widget-image\" data-id=\"c67b5f8\" data-element_type=\"widget\" data-widget_type=\"image.default\">\n\t\t\t\t<div class=\"elementor-widget-container\">\n\t\t\t\t\t\t\t\t\t\t\t\t\t\t\t<img fetchpriority=\"high\" decoding=\"async\" width=\"800\" height=\"107\" src=\"https:\/\/ndist.ci\/ndi-admin\/wp-content\/uploads\/2024\/05\/800px-Hikvision_logo.svg_.png\" class=\"attachment-full size-full wp-image-836\" alt=\"\" srcset=\"https:\/\/ndist.ci\/ndi-admin\/wp-content\/uploads\/2024\/05\/800px-Hikvision_logo.svg_.png 800w, https:\/\/ndist.ci\/ndi-admin\/wp-content\/uploads\/2024\/05\/800px-Hikvision_logo.svg_-300x40.png 300w, https:\/\/ndist.ci\/ndi-admin\/wp-content\/uploads\/2024\/05\/800px-Hikvision_logo.svg_-768x103.png 768w\" sizes=\"(max-width: 800px) 100vw, 800px\" \/>\t\t\t\t\t\t\t\t\t\t\t\t\t\t\t<\/div>\n\t\t\t\t<\/div>\n\t\t\t\t\t<\/div>\n\t\t\t\t<\/div>\n\t\t\t\t\t<\/div>\n\t\t\t\t<\/div>\n\t\t<div data-particle_enable=\"false\" data-particle-mobile-disabled=\"false\" class=\"elementor-element elementor-element-e35f01a e-flex e-con-boxed e-con e-child\" data-id=\"e35f01a\" data-element_type=\"container\">\n\t\t\t\t\t<div class=\"e-con-inner\">\n\t\t<div data-particle_enable=\"false\" data-particle-mobile-disabled=\"false\" class=\"elementor-element elementor-element-d0fd728 e-flex e-con-boxed e-con e-child\" data-id=\"d0fd728\" data-element_type=\"container\">\n\t\t\t\t\t<div class=\"e-con-inner\">\n\t\t\t\t<div class=\"elementor-element elementor-element-55e4ba6 elementor-widget elementor-widget-image\" data-id=\"55e4ba6\" data-element_type=\"widget\" data-widget_type=\"image.default\">\n\t\t\t\t<div class=\"elementor-widget-container\">\n\t\t\t\t\t\t\t\t\t\t\t\t\t\t\t<img decoding=\"async\" width=\"800\" height=\"299\" src=\"https:\/\/ndist.ci\/ndi-admin\/wp-content\/uploads\/2024\/05\/Capture-decran-2024-05-20-a-14.44.42-1024x383.png\" class=\"attachment-large size-large wp-image-837\" alt=\"\" srcset=\"https:\/\/ndist.ci\/ndi-admin\/wp-content\/uploads\/2024\/05\/Capture-decran-2024-05-20-a-14.44.42-1024x383.png 1024w, https:\/\/ndist.ci\/ndi-admin\/wp-content\/uploads\/2024\/05\/Capture-decran-2024-05-20-a-14.44.42-300x112.png 300w, https:\/\/ndist.ci\/ndi-admin\/wp-content\/uploads\/2024\/05\/Capture-decran-2024-05-20-a-14.44.42-768x288.png 768w, https:\/\/ndist.ci\/ndi-admin\/wp-content\/uploads\/2024\/05\/Capture-decran-2024-05-20-a-14.44.42.png 1298w\" sizes=\"(max-width: 800px) 100vw, 800px\" \/>\t\t\t\t\t\t\t\t\t\t\t\t\t\t\t<\/div>\n\t\t\t\t<\/div>\n\t\t\t\t\t<\/div>\n\t\t\t\t<\/div>\n\t\t<div data-particle_enable=\"false\" data-particle-mobile-disabled=\"false\" class=\"elementor-element elementor-element-6ae416d e-flex e-con-boxed e-con e-child\" data-id=\"6ae416d\" data-element_type=\"container\">\n\t\t\t\t\t<div class=\"e-con-inner\">\n\t\t\t\t<div class=\"elementor-element elementor-element-a3c5ad6 elementor-widget elementor-widget-image\" data-id=\"a3c5ad6\" data-element_type=\"widget\" data-widget_type=\"image.default\">\n\t\t\t\t<div class=\"elementor-widget-container\">\n\t\t\t\t\t\t\t\t\t\t\t\t\t\t\t<img decoding=\"async\" width=\"800\" height=\"298\" src=\"https:\/\/ndist.ci\/ndi-admin\/wp-content\/uploads\/2024\/05\/Capture-decran-2024-05-20-a-14.44.55-1024x382.png\" class=\"attachment-large size-large wp-image-838\" alt=\"\" srcset=\"https:\/\/ndist.ci\/ndi-admin\/wp-content\/uploads\/2024\/05\/Capture-decran-2024-05-20-a-14.44.55-1024x382.png 1024w, https:\/\/ndist.ci\/ndi-admin\/wp-content\/uploads\/2024\/05\/Capture-decran-2024-05-20-a-14.44.55-300x112.png 300w, https:\/\/ndist.ci\/ndi-admin\/wp-content\/uploads\/2024\/05\/Capture-decran-2024-05-20-a-14.44.55-768x286.png 768w, https:\/\/ndist.ci\/ndi-admin\/wp-content\/uploads\/2024\/05\/Capture-decran-2024-05-20-a-14.44.55.png 1298w\" sizes=\"(max-width: 800px) 100vw, 800px\" \/>\t\t\t\t\t\t\t\t\t\t\t\t\t\t\t<\/div>\n\t\t\t\t<\/div>\n\t\t\t\t\t<\/div>\n\t\t\t\t<\/div>\n\t\t\t\t\t<\/div>\n\t\t\t\t<\/div>\n\t\t<div data-particle_enable=\"false\" data-particle-mobile-disabled=\"false\" class=\"elementor-element elementor-element-97f3ebe e-flex e-con-boxed e-con e-child\" data-id=\"97f3ebe\" data-element_type=\"container\">\n\t\t\t\t\t<div class=\"e-con-inner\">\n\t\t<div data-particle_enable=\"false\" data-particle-mobile-disabled=\"false\" class=\"elementor-element elementor-element-f39c230 e-flex e-con-boxed e-con e-child\" data-id=\"f39c230\" data-element_type=\"container\">\n\t\t\t\t\t<div class=\"e-con-inner\">\n\t\t\t\t<div class=\"elementor-element elementor-element-bed4f9b elementor-widget elementor-widget-image\" data-id=\"bed4f9b\" data-element_type=\"widget\" data-widget_type=\"image.default\">\n\t\t\t\t<div class=\"elementor-widget-container\">\n\t\t\t\t\t\t\t\t\t\t\t\t\t\t\t<img loading=\"lazy\" decoding=\"async\" width=\"768\" height=\"717\" src=\"https:\/\/ndist.ci\/ndi-admin\/wp-content\/uploads\/2024\/05\/Capture-decran-2024-05-20-a-14.45.17-768x717.png\" class=\"attachment-medium_large size-medium_large wp-image-839\" alt=\"\" srcset=\"https:\/\/ndist.ci\/ndi-admin\/wp-content\/uploads\/2024\/05\/Capture-decran-2024-05-20-a-14.45.17-768x717.png 768w, https:\/\/ndist.ci\/ndi-admin\/wp-content\/uploads\/2024\/05\/Capture-decran-2024-05-20-a-14.45.17-300x280.png 300w, https:\/\/ndist.ci\/ndi-admin\/wp-content\/uploads\/2024\/05\/Capture-decran-2024-05-20-a-14.45.17-1024x956.png 1024w, https:\/\/ndist.ci\/ndi-admin\/wp-content\/uploads\/2024\/05\/Capture-decran-2024-05-20-a-14.45.17.png 1286w\" sizes=\"(max-width: 768px) 100vw, 768px\" \/>\t\t\t\t\t\t\t\t\t\t\t\t\t\t\t<\/div>\n\t\t\t\t<\/div>\n\t\t\t\t\t<\/div>\n\t\t\t\t<\/div>\n\t\t\t\t\t<\/div>\n\t\t\t\t<\/div>\n\t\t\t\t\t<\/div>\n\t\t\t\t<\/div>\n\t\t\t\t<\/div>\n\t\t","protected":false},"excerpt":{"rendered":"<p>HIKVISION Solutions AIoT haut de gamme et des syst\u00e8mes de cam\u00e9ras de s\u00e9curit\u00e9 fiables Autonomiser la surveillance et l&rsquo;automatisation avanc\u00e9es Hikvision fournit une large gamme de produits de s\u00e9curit\u00e9s physiques, couvrant la s\u00e9curit\u00e9 vid\u00e9o, le contr\u00f4le d\u2019acc\u00e8s et les syst\u00e8mes d\u2019alarme. Elle fournit \u00e9galement des solutions de s\u00e9curit\u00e9s int\u00e9gr\u00e9es aliment\u00e9es par la technologie de l\u2019IA [&hellip;]<\/p>\n","protected":false},"author":1,"featured_media":0,"parent":0,"menu_order":0,"comment_status":"closed","ping_status":"closed","template":"","meta":{"footnotes":""},"class_list":["post-835","page","type-page","status-publish","hentry"],"_links":{"self":[{"href":"https:\/\/ndist.ci\/ndi-admin\/index.php\/wp-json\/wp\/v2\/pages\/835","targetHints":{"allow":["GET"]}}],"collection":[{"href":"https:\/\/ndist.ci\/ndi-admin\/index.php\/wp-json\/wp\/v2\/pages"}],"about":[{"href":"https:\/\/ndist.ci\/ndi-admin\/index.php\/wp-json\/wp\/v2\/types\/page"}],"author":[{"embeddable":true,"href":"https:\/\/ndist.ci\/ndi-admin\/index.php\/wp-json\/wp\/v2\/users\/1"}],"replies":[{"embeddable":true,"href":"https:\/\/ndist.ci\/ndi-admin\/index.php\/wp-json\/wp\/v2\/comments?post=835"}],"version-history":[{"count":3,"href":"https:\/\/ndist.ci\/ndi-admin\/index.php\/wp-json\/wp\/v2\/pages\/835\/revisions"}],"predecessor-version":[{"id":842,"href":"https:\/\/ndist.ci\/ndi-admin\/index.php\/wp-json\/wp\/v2\/pages\/835\/revisions\/842"}],"wp:attachment":[{"href":"https:\/\/ndist.ci\/ndi-admin\/index.php\/wp-json\/wp\/v2\/media?parent=835"}],"curies":[{"name":"wp","href":"https:\/\/api.w.org\/{rel}","templated":true}]}}