{"id":826,"date":"2024-05-20T16:40:24","date_gmt":"2024-05-20T14:40:24","guid":{"rendered":"https:\/\/ndist.ci\/ndi-admin\/?page_id=826"},"modified":"2024-05-20T16:42:36","modified_gmt":"2024-05-20T14:42:36","slug":"yeastar","status":"publish","type":"page","link":"https:\/\/ndist.ci\/ndi-admin\/index.php\/yeastar\/","title":{"rendered":"Yeastar"},"content":{"rendered":"\t\t<div data-elementor-type=\"wp-page\" data-elementor-id=\"826\" class=\"elementor elementor-826\" data-elementor-post-type=\"page\">\n\t\t\t\t<div data-particle_enable=\"false\" data-particle-mobile-disabled=\"false\" class=\"elementor-element elementor-element-7485325 e-con-full e-flex e-con e-parent\" data-id=\"7485325\" data-element_type=\"container\" data-settings=\"{&quot;background_background&quot;:&quot;classic&quot;}\">\n\t\t\t\t<div class=\"elementor-element elementor-element-cbfda4b elementor-widget elementor-widget-heading\" data-id=\"cbfda4b\" data-element_type=\"widget\" data-widget_type=\"heading.default\">\n\t\t\t\t<div class=\"elementor-widget-container\">\n\t\t\t\t\t<h2 class=\"elementor-heading-title elementor-size-default\">YEASTAR<\/h2>\t\t\t\t<\/div>\n\t\t\t\t<\/div>\n\t\t\t\t<\/div>\n\t\t<div data-particle_enable=\"false\" data-particle-mobile-disabled=\"false\" class=\"elementor-element elementor-element-db1a3d2 e-flex e-con-boxed e-con e-parent\" data-id=\"db1a3d2\" data-element_type=\"container\" data-settings=\"{&quot;background_background&quot;:&quot;classic&quot;}\">\n\t\t\t\t\t<div class=\"e-con-inner\">\n\t\t<div data-particle_enable=\"false\" data-particle-mobile-disabled=\"false\" class=\"elementor-element elementor-element-3f4e3b6 e-flex e-con-boxed e-con e-child\" data-id=\"3f4e3b6\" data-element_type=\"container\">\n\t\t\t\t\t<div class=\"e-con-inner\">\n\t\t<div data-particle_enable=\"false\" data-particle-mobile-disabled=\"false\" class=\"elementor-element elementor-element-86d4de2 e-flex e-con-boxed e-con e-child\" data-id=\"86d4de2\" data-element_type=\"container\">\n\t\t\t\t\t<div class=\"e-con-inner\">\n\t\t\t\t<div class=\"elementor-element elementor-element-d9bb90a elementor-widget elementor-widget-heading\" data-id=\"d9bb90a\" data-element_type=\"widget\" data-widget_type=\"heading.default\">\n\t\t\t\t<div class=\"elementor-widget-container\">\n\t\t\t\t\t<h2 class=\"elementor-heading-title elementor-size-default\">Syst\u00e8me PBX et communication unifi\u00e9es pour les PME<\/h2>\t\t\t\t<\/div>\n\t\t\t\t<\/div>\n\t\t\t\t<div class=\"elementor-element elementor-element-d466ca4 elementor-widget elementor-widget-heading\" data-id=\"d466ca4\" data-element_type=\"widget\" data-widget_type=\"heading.default\">\n\t\t\t\t<div class=\"elementor-widget-container\">\n\t\t\t\t\t<h2 class=\"elementor-heading-title elementor-size-default\">Automatiser, am\u00e9liorer et p\u00e9renniser  les communications professionnelles des PME<\/h2>\t\t\t\t<\/div>\n\t\t\t\t<\/div>\n\t\t\t\t<div class=\"elementor-element elementor-element-6c6b77a elementor-widget elementor-widget-text-editor\" data-id=\"6c6b77a\" data-element_type=\"widget\" data-widget_type=\"text-editor.default\">\n\t\t\t\t<div class=\"elementor-widget-container\">\n\t\t\t\t\t\t\t\t\t<p>Yeastar fournit aux petites et moyennes entreprises un syst\u00e8me PBX puissant et des solutions compl\u00e8tes de communications unifi\u00e9es. Bien plus que de la t\u00e9l\u00e9phonie, Yeastar offre aux utilisateurs une grande vari\u00e9t\u00e9 de secteurs d\u2019activit\u00e9 des capacit\u00e9s de communications d\u2019entreprise de premier ordre. Simple \u00e0 utiliser et \u00e0 g\u00e9rer, le syst\u00e8me PBX de Yeastar permet aux PME de faire moins d\u2019efforts.<\/p>\t\t\t\t\t\t\t\t<\/div>\n\t\t\t\t<\/div>\n\t\t\t\t\t<\/div>\n\t\t\t\t<\/div>\n\t\t<div data-particle_enable=\"false\" data-particle-mobile-disabled=\"false\" class=\"elementor-element elementor-element-6ace0b0 e-flex e-con-boxed e-con e-child\" data-id=\"6ace0b0\" data-element_type=\"container\">\n\t\t\t\t\t<div class=\"e-con-inner\">\n\t\t\t\t<div class=\"elementor-element elementor-element-c67b5f8 elementor-widget elementor-widget-image\" data-id=\"c67b5f8\" data-element_type=\"widget\" data-widget_type=\"image.default\">\n\t\t\t\t<div class=\"elementor-widget-container\">\n\t\t\t\t\t\t\t\t\t\t\t\t\t\t\t<img fetchpriority=\"high\" decoding=\"async\" width=\"1600\" height=\"660\" src=\"https:\/\/ndist.ci\/ndi-admin\/wp-content\/uploads\/2024\/05\/33601067f0f69237246262ce88aabac4.png\" class=\"attachment-full size-full wp-image-828\" alt=\"\" srcset=\"https:\/\/ndist.ci\/ndi-admin\/wp-content\/uploads\/2024\/05\/33601067f0f69237246262ce88aabac4.png 1600w, https:\/\/ndist.ci\/ndi-admin\/wp-content\/uploads\/2024\/05\/33601067f0f69237246262ce88aabac4-300x124.png 300w, https:\/\/ndist.ci\/ndi-admin\/wp-content\/uploads\/2024\/05\/33601067f0f69237246262ce88aabac4-1024x422.png 1024w, https:\/\/ndist.ci\/ndi-admin\/wp-content\/uploads\/2024\/05\/33601067f0f69237246262ce88aabac4-768x317.png 768w, https:\/\/ndist.ci\/ndi-admin\/wp-content\/uploads\/2024\/05\/33601067f0f69237246262ce88aabac4-1536x634.png 1536w\" sizes=\"(max-width: 1600px) 100vw, 1600px\" \/>\t\t\t\t\t\t\t\t\t\t\t\t\t\t\t<\/div>\n\t\t\t\t<\/div>\n\t\t\t\t\t<\/div>\n\t\t\t\t<\/div>\n\t\t\t\t\t<\/div>\n\t\t\t\t<\/div>\n\t\t<div data-particle_enable=\"false\" data-particle-mobile-disabled=\"false\" class=\"elementor-element elementor-element-e35f01a e-flex e-con-boxed e-con e-child\" data-id=\"e35f01a\" data-element_type=\"container\">\n\t\t\t\t\t<div class=\"e-con-inner\">\n\t\t<div data-particle_enable=\"false\" data-particle-mobile-disabled=\"false\" class=\"elementor-element elementor-element-d0fd728 e-flex e-con-boxed e-con e-child\" data-id=\"d0fd728\" data-element_type=\"container\">\n\t\t\t\t\t<div class=\"e-con-inner\">\n\t\t\t\t<div class=\"elementor-element elementor-element-55e4ba6 elementor-widget elementor-widget-image\" data-id=\"55e4ba6\" data-element_type=\"widget\" data-widget_type=\"image.default\">\n\t\t\t\t<div class=\"elementor-widget-container\">\n\t\t\t\t\t\t\t\t\t\t\t\t\t\t\t<img decoding=\"async\" width=\"800\" height=\"299\" src=\"https:\/\/ndist.ci\/ndi-admin\/wp-content\/uploads\/2024\/05\/Capture-decran-2024-05-20-a-14.39.52-1024x383.png\" class=\"attachment-large size-large wp-image-829\" alt=\"\" srcset=\"https:\/\/ndist.ci\/ndi-admin\/wp-content\/uploads\/2024\/05\/Capture-decran-2024-05-20-a-14.39.52-1024x383.png 1024w, https:\/\/ndist.ci\/ndi-admin\/wp-content\/uploads\/2024\/05\/Capture-decran-2024-05-20-a-14.39.52-300x112.png 300w, https:\/\/ndist.ci\/ndi-admin\/wp-content\/uploads\/2024\/05\/Capture-decran-2024-05-20-a-14.39.52-768x287.png 768w, https:\/\/ndist.ci\/ndi-admin\/wp-content\/uploads\/2024\/05\/Capture-decran-2024-05-20-a-14.39.52.png 1294w\" sizes=\"(max-width: 800px) 100vw, 800px\" \/>\t\t\t\t\t\t\t\t\t\t\t\t\t\t\t<\/div>\n\t\t\t\t<\/div>\n\t\t\t\t\t<\/div>\n\t\t\t\t<\/div>\n\t\t<div data-particle_enable=\"false\" data-particle-mobile-disabled=\"false\" class=\"elementor-element elementor-element-6ae416d e-flex e-con-boxed e-con e-child\" data-id=\"6ae416d\" data-element_type=\"container\">\n\t\t\t\t\t<div class=\"e-con-inner\">\n\t\t\t\t<div class=\"elementor-element elementor-element-a3c5ad6 elementor-widget elementor-widget-image\" data-id=\"a3c5ad6\" data-element_type=\"widget\" data-widget_type=\"image.default\">\n\t\t\t\t<div class=\"elementor-widget-container\">\n\t\t\t\t\t\t\t\t\t\t\t\t\t\t\t<img decoding=\"async\" width=\"800\" height=\"270\" src=\"https:\/\/ndist.ci\/ndi-admin\/wp-content\/uploads\/2024\/05\/Capture-decran-2024-05-20-a-14.40.01-1024x345.png\" class=\"attachment-large size-large wp-image-831\" alt=\"\" srcset=\"https:\/\/ndist.ci\/ndi-admin\/wp-content\/uploads\/2024\/05\/Capture-decran-2024-05-20-a-14.40.01-1024x345.png 1024w, https:\/\/ndist.ci\/ndi-admin\/wp-content\/uploads\/2024\/05\/Capture-decran-2024-05-20-a-14.40.01-300x101.png 300w, https:\/\/ndist.ci\/ndi-admin\/wp-content\/uploads\/2024\/05\/Capture-decran-2024-05-20-a-14.40.01-768x259.png 768w, https:\/\/ndist.ci\/ndi-admin\/wp-content\/uploads\/2024\/05\/Capture-decran-2024-05-20-a-14.40.01.png 1294w\" sizes=\"(max-width: 800px) 100vw, 800px\" \/>\t\t\t\t\t\t\t\t\t\t\t\t\t\t\t<\/div>\n\t\t\t\t<\/div>\n\t\t\t\t\t<\/div>\n\t\t\t\t<\/div>\n\t\t\t\t\t<\/div>\n\t\t\t\t<\/div>\n\t\t<div data-particle_enable=\"false\" data-particle-mobile-disabled=\"false\" class=\"elementor-element elementor-element-97f3ebe e-flex e-con-boxed e-con e-child\" data-id=\"97f3ebe\" data-element_type=\"container\">\n\t\t\t\t\t<div class=\"e-con-inner\">\n\t\t<div data-particle_enable=\"false\" data-particle-mobile-disabled=\"false\" class=\"elementor-element elementor-element-f39c230 e-flex e-con-boxed e-con e-child\" data-id=\"f39c230\" data-element_type=\"container\">\n\t\t\t\t\t<div class=\"e-con-inner\">\n\t\t\t\t<div class=\"elementor-element elementor-element-bed4f9b elementor-widget elementor-widget-image\" data-id=\"bed4f9b\" data-element_type=\"widget\" data-widget_type=\"image.default\">\n\t\t\t\t<div class=\"elementor-widget-container\">\n\t\t\t\t\t\t\t\t\t\t\t\t\t\t\t<img loading=\"lazy\" decoding=\"async\" width=\"768\" height=\"546\" src=\"https:\/\/ndist.ci\/ndi-admin\/wp-content\/uploads\/2024\/05\/Capture-decran-2024-05-20-a-14.40.34-768x546.png\" class=\"attachment-medium_large size-medium_large wp-image-830\" alt=\"\" srcset=\"https:\/\/ndist.ci\/ndi-admin\/wp-content\/uploads\/2024\/05\/Capture-decran-2024-05-20-a-14.40.34-768x546.png 768w, https:\/\/ndist.ci\/ndi-admin\/wp-content\/uploads\/2024\/05\/Capture-decran-2024-05-20-a-14.40.34-300x213.png 300w, https:\/\/ndist.ci\/ndi-admin\/wp-content\/uploads\/2024\/05\/Capture-decran-2024-05-20-a-14.40.34-1024x727.png 1024w, https:\/\/ndist.ci\/ndi-admin\/wp-content\/uploads\/2024\/05\/Capture-decran-2024-05-20-a-14.40.34.png 1298w\" sizes=\"(max-width: 768px) 100vw, 768px\" \/>\t\t\t\t\t\t\t\t\t\t\t\t\t\t\t<\/div>\n\t\t\t\t<\/div>\n\t\t\t\t\t<\/div>\n\t\t\t\t<\/div>\n\t\t\t\t\t<\/div>\n\t\t\t\t<\/div>\n\t\t\t\t\t<\/div>\n\t\t\t\t<\/div>\n\t\t\t\t<\/div>\n\t\t","protected":false},"excerpt":{"rendered":"<p>YEASTAR Syst\u00e8me PBX et communication unifi\u00e9es pour les PME Automatiser, am\u00e9liorer et p\u00e9renniser les communications professionnelles des PME Yeastar fournit aux petites et moyennes entreprises un syst\u00e8me PBX puissant et des solutions compl\u00e8tes de communications unifi\u00e9es. Bien plus que de la t\u00e9l\u00e9phonie, Yeastar offre aux utilisateurs une grande vari\u00e9t\u00e9 de secteurs d\u2019activit\u00e9 des capacit\u00e9s de [&hellip;]<\/p>\n","protected":false},"author":1,"featured_media":0,"parent":0,"menu_order":0,"comment_status":"closed","ping_status":"closed","template":"","meta":{"footnotes":""},"class_list":["post-826","page","type-page","status-publish","hentry"],"_links":{"self":[{"href":"https:\/\/ndist.ci\/ndi-admin\/index.php\/wp-json\/wp\/v2\/pages\/826","targetHints":{"allow":["GET"]}}],"collection":[{"href":"https:\/\/ndist.ci\/ndi-admin\/index.php\/wp-json\/wp\/v2\/pages"}],"about":[{"href":"https:\/\/ndist.ci\/ndi-admin\/index.php\/wp-json\/wp\/v2\/types\/page"}],"author":[{"embeddable":true,"href":"https:\/\/ndist.ci\/ndi-admin\/index.php\/wp-json\/wp\/v2\/users\/1"}],"replies":[{"embeddable":true,"href":"https:\/\/ndist.ci\/ndi-admin\/index.php\/wp-json\/wp\/v2\/comments?post=826"}],"version-history":[{"count":3,"href":"https:\/\/ndist.ci\/ndi-admin\/index.php\/wp-json\/wp\/v2\/pages\/826\/revisions"}],"predecessor-version":[{"id":834,"href":"https:\/\/ndist.ci\/ndi-admin\/index.php\/wp-json\/wp\/v2\/pages\/826\/revisions\/834"}],"wp:attachment":[{"href":"https:\/\/ndist.ci\/ndi-admin\/index.php\/wp-json\/wp\/v2\/media?parent=826"}],"curies":[{"name":"wp","href":"https:\/\/api.w.org\/{rel}","templated":true}]}}