{"id":817,"date":"2024-05-20T16:31:05","date_gmt":"2024-05-20T14:31:05","guid":{"rendered":"https:\/\/ndist.ci\/ndi-admin\/?page_id=817"},"modified":"2024-05-20T16:35:45","modified_gmt":"2024-05-20T14:35:45","slug":"grandstream","status":"publish","type":"page","link":"https:\/\/ndist.ci\/ndi-admin\/index.php\/grandstream\/","title":{"rendered":"Grandstream"},"content":{"rendered":"\t\t<div data-elementor-type=\"wp-page\" data-elementor-id=\"817\" class=\"elementor elementor-817\" data-elementor-post-type=\"page\">\n\t\t\t\t<div data-particle_enable=\"false\" data-particle-mobile-disabled=\"false\" class=\"elementor-element elementor-element-7485325 e-con-full e-flex e-con e-parent\" data-id=\"7485325\" data-element_type=\"container\" data-settings=\"{&quot;background_background&quot;:&quot;classic&quot;}\">\n\t\t\t\t<div class=\"elementor-element elementor-element-cbfda4b elementor-widget elementor-widget-heading\" data-id=\"cbfda4b\" data-element_type=\"widget\" data-widget_type=\"heading.default\">\n\t\t\t\t<div class=\"elementor-widget-container\">\n\t\t\t\t\t<h2 class=\"elementor-heading-title elementor-size-default\">GRANDSTREAM<\/h2>\t\t\t\t<\/div>\n\t\t\t\t<\/div>\n\t\t\t\t<\/div>\n\t\t<div data-particle_enable=\"false\" data-particle-mobile-disabled=\"false\" class=\"elementor-element elementor-element-db1a3d2 e-flex e-con-boxed e-con e-parent\" data-id=\"db1a3d2\" data-element_type=\"container\" data-settings=\"{&quot;background_background&quot;:&quot;classic&quot;}\">\n\t\t\t\t\t<div class=\"e-con-inner\">\n\t\t<div data-particle_enable=\"false\" data-particle-mobile-disabled=\"false\" class=\"elementor-element elementor-element-3f4e3b6 e-flex e-con-boxed e-con e-child\" data-id=\"3f4e3b6\" data-element_type=\"container\">\n\t\t\t\t\t<div class=\"e-con-inner\">\n\t\t<div data-particle_enable=\"false\" data-particle-mobile-disabled=\"false\" class=\"elementor-element elementor-element-86d4de2 e-flex e-con-boxed e-con e-child\" data-id=\"86d4de2\" data-element_type=\"container\">\n\t\t\t\t\t<div class=\"e-con-inner\">\n\t\t\t\t<div class=\"elementor-element elementor-element-d9bb90a elementor-widget elementor-widget-heading\" data-id=\"d9bb90a\" data-element_type=\"widget\" data-widget_type=\"heading.default\">\n\t\t\t\t<div class=\"elementor-widget-container\">\n\t\t\t\t\t<h2 class=\"elementor-heading-title elementor-size-default\">Solutions de communications unifi\u00e9es<\/h2>\t\t\t\t<\/div>\n\t\t\t\t<\/div>\n\t\t\t\t<div class=\"elementor-element elementor-element-d466ca4 elementor-widget elementor-widget-heading\" data-id=\"d466ca4\" data-element_type=\"widget\" data-widget_type=\"heading.default\">\n\t\t\t\t<div class=\"elementor-widget-container\">\n\t\t\t\t\t<h2 class=\"elementor-heading-title elementor-size-default\">Optimiser la productivit\u00e9, l'efficacit\u00e9 et la communication en entreprise<\/h2>\t\t\t\t<\/div>\n\t\t\t\t<\/div>\n\t\t\t\t<div class=\"elementor-element elementor-element-6c6b77a elementor-widget elementor-widget-text-editor\" data-id=\"6c6b77a\" data-element_type=\"widget\" data-widget_type=\"text-editor.default\">\n\t\t\t\t<div class=\"elementor-widget-container\">\n\t\t\t\t\t\t\t\t\t<p>Grandstream connecte le monde avec des solutions de communications unifi\u00e9es et de mise en r\u00e9seau qui rendent la communication plus percutante que jamais. Ces solutions prim\u00e9es fournissent tout ce dont vous avez besoin pour cr\u00e9er une plateforme de communication transparente et facile \u00e0 g\u00e9rer, offrant un guichet unique pour toutes les solutions de r\u00e9seaux, de communications unifi\u00e9es, de collaborations et de s\u00e9curit\u00e9s physiques.<\/p>\t\t\t\t\t\t\t\t<\/div>\n\t\t\t\t<\/div>\n\t\t\t\t\t<\/div>\n\t\t\t\t<\/div>\n\t\t<div data-particle_enable=\"false\" data-particle-mobile-disabled=\"false\" class=\"elementor-element elementor-element-6ace0b0 e-flex e-con-boxed e-con e-child\" data-id=\"6ace0b0\" data-element_type=\"container\">\n\t\t\t\t\t<div class=\"e-con-inner\">\n\t\t\t\t<div class=\"elementor-element elementor-element-c67b5f8 elementor-widget elementor-widget-image\" data-id=\"c67b5f8\" data-element_type=\"widget\" data-widget_type=\"image.default\">\n\t\t\t\t<div class=\"elementor-widget-container\">\n\t\t\t\t\t\t\t\t\t\t\t\t\t\t\t<img fetchpriority=\"high\" decoding=\"async\" width=\"2117\" height=\"1454\" src=\"https:\/\/ndist.ci\/ndi-admin\/wp-content\/uploads\/2024\/05\/kisspng-grandstream-networks-voip-phone-telephone-voice-ov-grandstream-india-5b145803132ca5.3563220615280599070786.png\" class=\"attachment-full size-full wp-image-818\" alt=\"\" srcset=\"https:\/\/ndist.ci\/ndi-admin\/wp-content\/uploads\/2024\/05\/kisspng-grandstream-networks-voip-phone-telephone-voice-ov-grandstream-india-5b145803132ca5.3563220615280599070786.png 2117w, https:\/\/ndist.ci\/ndi-admin\/wp-content\/uploads\/2024\/05\/kisspng-grandstream-networks-voip-phone-telephone-voice-ov-grandstream-india-5b145803132ca5.3563220615280599070786-300x206.png 300w, https:\/\/ndist.ci\/ndi-admin\/wp-content\/uploads\/2024\/05\/kisspng-grandstream-networks-voip-phone-telephone-voice-ov-grandstream-india-5b145803132ca5.3563220615280599070786-1024x703.png 1024w, https:\/\/ndist.ci\/ndi-admin\/wp-content\/uploads\/2024\/05\/kisspng-grandstream-networks-voip-phone-telephone-voice-ov-grandstream-india-5b145803132ca5.3563220615280599070786-768x527.png 768w, https:\/\/ndist.ci\/ndi-admin\/wp-content\/uploads\/2024\/05\/kisspng-grandstream-networks-voip-phone-telephone-voice-ov-grandstream-india-5b145803132ca5.3563220615280599070786-1536x1055.png 1536w, https:\/\/ndist.ci\/ndi-admin\/wp-content\/uploads\/2024\/05\/kisspng-grandstream-networks-voip-phone-telephone-voice-ov-grandstream-india-5b145803132ca5.3563220615280599070786-2048x1407.png 2048w\" sizes=\"(max-width: 2117px) 100vw, 2117px\" \/>\t\t\t\t\t\t\t\t\t\t\t\t\t\t\t<\/div>\n\t\t\t\t<\/div>\n\t\t\t\t\t<\/div>\n\t\t\t\t<\/div>\n\t\t\t\t\t<\/div>\n\t\t\t\t<\/div>\n\t\t<div data-particle_enable=\"false\" data-particle-mobile-disabled=\"false\" class=\"elementor-element elementor-element-e35f01a e-flex e-con-boxed e-con e-child\" data-id=\"e35f01a\" data-element_type=\"container\">\n\t\t\t\t\t<div class=\"e-con-inner\">\n\t\t<div data-particle_enable=\"false\" data-particle-mobile-disabled=\"false\" class=\"elementor-element elementor-element-d0fd728 e-flex e-con-boxed e-con e-child\" data-id=\"d0fd728\" data-element_type=\"container\">\n\t\t\t\t\t<div class=\"e-con-inner\">\n\t\t\t\t<div class=\"elementor-element elementor-element-55e4ba6 elementor-widget elementor-widget-image\" data-id=\"55e4ba6\" data-element_type=\"widget\" data-widget_type=\"image.default\">\n\t\t\t\t<div class=\"elementor-widget-container\">\n\t\t\t\t\t\t\t\t\t\t\t\t\t\t\t<img decoding=\"async\" width=\"800\" height=\"345\" src=\"https:\/\/ndist.ci\/ndi-admin\/wp-content\/uploads\/2024\/05\/Capture-decran-2024-05-20-a-14.30.29-1024x442.png\" class=\"attachment-large size-large wp-image-819\" alt=\"\" srcset=\"https:\/\/ndist.ci\/ndi-admin\/wp-content\/uploads\/2024\/05\/Capture-decran-2024-05-20-a-14.30.29-1024x442.png 1024w, https:\/\/ndist.ci\/ndi-admin\/wp-content\/uploads\/2024\/05\/Capture-decran-2024-05-20-a-14.30.29-300x129.png 300w, https:\/\/ndist.ci\/ndi-admin\/wp-content\/uploads\/2024\/05\/Capture-decran-2024-05-20-a-14.30.29-768x331.png 768w, https:\/\/ndist.ci\/ndi-admin\/wp-content\/uploads\/2024\/05\/Capture-decran-2024-05-20-a-14.30.29.png 1280w\" sizes=\"(max-width: 800px) 100vw, 800px\" \/>\t\t\t\t\t\t\t\t\t\t\t\t\t\t\t<\/div>\n\t\t\t\t<\/div>\n\t\t\t\t\t<\/div>\n\t\t\t\t<\/div>\n\t\t<div data-particle_enable=\"false\" data-particle-mobile-disabled=\"false\" class=\"elementor-element elementor-element-6ae416d e-flex e-con-boxed e-con e-child\" data-id=\"6ae416d\" data-element_type=\"container\">\n\t\t\t\t\t<div class=\"e-con-inner\">\n\t\t\t\t<div class=\"elementor-element elementor-element-a3c5ad6 elementor-widget elementor-widget-image\" data-id=\"a3c5ad6\" data-element_type=\"widget\" data-widget_type=\"image.default\">\n\t\t\t\t<div class=\"elementor-widget-container\">\n\t\t\t\t\t\t\t\t\t\t\t\t\t\t\t<img decoding=\"async\" width=\"800\" height=\"413\" src=\"https:\/\/ndist.ci\/ndi-admin\/wp-content\/uploads\/2024\/05\/Capture-decran-2024-05-20-a-14.30.55-1024x528.png\" class=\"attachment-large size-large wp-image-820\" alt=\"\" srcset=\"https:\/\/ndist.ci\/ndi-admin\/wp-content\/uploads\/2024\/05\/Capture-decran-2024-05-20-a-14.30.55-1024x528.png 1024w, https:\/\/ndist.ci\/ndi-admin\/wp-content\/uploads\/2024\/05\/Capture-decran-2024-05-20-a-14.30.55-300x155.png 300w, https:\/\/ndist.ci\/ndi-admin\/wp-content\/uploads\/2024\/05\/Capture-decran-2024-05-20-a-14.30.55-768x396.png 768w, https:\/\/ndist.ci\/ndi-admin\/wp-content\/uploads\/2024\/05\/Capture-decran-2024-05-20-a-14.30.55.png 1284w\" sizes=\"(max-width: 800px) 100vw, 800px\" \/>\t\t\t\t\t\t\t\t\t\t\t\t\t\t\t<\/div>\n\t\t\t\t<\/div>\n\t\t\t\t\t<\/div>\n\t\t\t\t<\/div>\n\t\t\t\t\t<\/div>\n\t\t\t\t<\/div>\n\t\t<div data-particle_enable=\"false\" data-particle-mobile-disabled=\"false\" class=\"elementor-element elementor-element-97f3ebe e-flex e-con-boxed e-con e-child\" data-id=\"97f3ebe\" data-element_type=\"container\">\n\t\t\t\t\t<div class=\"e-con-inner\">\n\t\t<div data-particle_enable=\"false\" data-particle-mobile-disabled=\"false\" class=\"elementor-element elementor-element-f39c230 e-flex e-con-boxed e-con e-child\" data-id=\"f39c230\" data-element_type=\"container\">\n\t\t\t\t\t<div class=\"e-con-inner\">\n\t\t\t\t<div class=\"elementor-element elementor-element-bed4f9b elementor-widget elementor-widget-image\" data-id=\"bed4f9b\" data-element_type=\"widget\" data-widget_type=\"image.default\">\n\t\t\t\t<div class=\"elementor-widget-container\">\n\t\t\t\t\t\t\t\t\t\t\t\t\t\t\t<img loading=\"lazy\" decoding=\"async\" width=\"768\" height=\"678\" src=\"https:\/\/ndist.ci\/ndi-admin\/wp-content\/uploads\/2024\/05\/Capture-decran-2024-05-20-a-14.31.33-768x678.png\" class=\"attachment-medium_large size-medium_large wp-image-821\" alt=\"\" srcset=\"https:\/\/ndist.ci\/ndi-admin\/wp-content\/uploads\/2024\/05\/Capture-decran-2024-05-20-a-14.31.33-768x678.png 768w, https:\/\/ndist.ci\/ndi-admin\/wp-content\/uploads\/2024\/05\/Capture-decran-2024-05-20-a-14.31.33-300x265.png 300w, https:\/\/ndist.ci\/ndi-admin\/wp-content\/uploads\/2024\/05\/Capture-decran-2024-05-20-a-14.31.33-1024x903.png 1024w, https:\/\/ndist.ci\/ndi-admin\/wp-content\/uploads\/2024\/05\/Capture-decran-2024-05-20-a-14.31.33.png 1256w\" sizes=\"(max-width: 768px) 100vw, 768px\" \/>\t\t\t\t\t\t\t\t\t\t\t\t\t\t\t<\/div>\n\t\t\t\t<\/div>\n\t\t\t\t\t<\/div>\n\t\t\t\t<\/div>\n\t\t\t\t\t<\/div>\n\t\t\t\t<\/div>\n\t\t\t\t\t<\/div>\n\t\t\t\t<\/div>\n\t\t\t\t<\/div>\n\t\t","protected":false},"excerpt":{"rendered":"<p>GRANDSTREAM Solutions de communications unifi\u00e9es Optimiser la productivit\u00e9, l&rsquo;efficacit\u00e9 et la communication en entreprise Grandstream connecte le monde avec des solutions de communications unifi\u00e9es et de mise en r\u00e9seau qui rendent la communication plus percutante que jamais. Ces solutions prim\u00e9es fournissent tout ce dont vous avez besoin pour cr\u00e9er une plateforme de communication transparente et [&hellip;]<\/p>\n","protected":false},"author":1,"featured_media":0,"parent":0,"menu_order":0,"comment_status":"closed","ping_status":"closed","template":"","meta":{"footnotes":""},"class_list":["post-817","page","type-page","status-publish","hentry"],"_links":{"self":[{"href":"https:\/\/ndist.ci\/ndi-admin\/index.php\/wp-json\/wp\/v2\/pages\/817","targetHints":{"allow":["GET"]}}],"collection":[{"href":"https:\/\/ndist.ci\/ndi-admin\/index.php\/wp-json\/wp\/v2\/pages"}],"about":[{"href":"https:\/\/ndist.ci\/ndi-admin\/index.php\/wp-json\/wp\/v2\/types\/page"}],"author":[{"embeddable":true,"href":"https:\/\/ndist.ci\/ndi-admin\/index.php\/wp-json\/wp\/v2\/users\/1"}],"replies":[{"embeddable":true,"href":"https:\/\/ndist.ci\/ndi-admin\/index.php\/wp-json\/wp\/v2\/comments?post=817"}],"version-history":[{"count":4,"href":"https:\/\/ndist.ci\/ndi-admin\/index.php\/wp-json\/wp\/v2\/pages\/817\/revisions"}],"predecessor-version":[{"id":825,"href":"https:\/\/ndist.ci\/ndi-admin\/index.php\/wp-json\/wp\/v2\/pages\/817\/revisions\/825"}],"wp:attachment":[{"href":"https:\/\/ndist.ci\/ndi-admin\/index.php\/wp-json\/wp\/v2\/media?parent=817"}],"curies":[{"name":"wp","href":"https:\/\/api.w.org\/{rel}","templated":true}]}}