{"id":801,"date":"2024-05-20T16:18:06","date_gmt":"2024-05-20T14:18:06","guid":{"rendered":"https:\/\/ndist.ci\/ndi-admin\/?page_id=801"},"modified":"2024-05-20T16:19:51","modified_gmt":"2024-05-20T14:19:51","slug":"fanvil","status":"publish","type":"page","link":"https:\/\/ndist.ci\/ndi-admin\/index.php\/fanvil\/","title":{"rendered":"Fanvil"},"content":{"rendered":"\t\t<div data-elementor-type=\"wp-page\" data-elementor-id=\"801\" class=\"elementor elementor-801\" data-elementor-post-type=\"page\">\n\t\t\t\t<div data-particle_enable=\"false\" data-particle-mobile-disabled=\"false\" class=\"elementor-element elementor-element-7485325 e-con-full e-flex e-con e-parent\" data-id=\"7485325\" data-element_type=\"container\" data-settings=\"{&quot;background_background&quot;:&quot;classic&quot;}\">\n\t\t\t\t<div class=\"elementor-element elementor-element-cbfda4b elementor-widget elementor-widget-heading\" data-id=\"cbfda4b\" data-element_type=\"widget\" data-widget_type=\"heading.default\">\n\t\t\t\t<div class=\"elementor-widget-container\">\n\t\t\t\t\t<h2 class=\"elementor-heading-title elementor-size-default\">FANVIL<\/h2>\t\t\t\t<\/div>\n\t\t\t\t<\/div>\n\t\t\t\t<\/div>\n\t\t<div data-particle_enable=\"false\" data-particle-mobile-disabled=\"false\" class=\"elementor-element elementor-element-db1a3d2 e-flex e-con-boxed e-con e-parent\" data-id=\"db1a3d2\" data-element_type=\"container\" data-settings=\"{&quot;background_background&quot;:&quot;classic&quot;}\">\n\t\t\t\t\t<div class=\"e-con-inner\">\n\t\t<div data-particle_enable=\"false\" data-particle-mobile-disabled=\"false\" class=\"elementor-element elementor-element-3f4e3b6 e-flex e-con-boxed e-con e-child\" data-id=\"3f4e3b6\" data-element_type=\"container\">\n\t\t\t\t\t<div class=\"e-con-inner\">\n\t\t<div data-particle_enable=\"false\" data-particle-mobile-disabled=\"false\" class=\"elementor-element elementor-element-86d4de2 e-flex e-con-boxed e-con e-child\" data-id=\"86d4de2\" data-element_type=\"container\">\n\t\t\t\t\t<div class=\"e-con-inner\">\n\t\t\t\t<div class=\"elementor-element elementor-element-d9bb90a elementor-widget elementor-widget-heading\" data-id=\"d9bb90a\" data-element_type=\"widget\" data-widget_type=\"heading.default\">\n\t\t\t\t<div class=\"elementor-widget-container\">\n\t\t\t\t\t<h2 class=\"elementor-heading-title elementor-size-default\">T\u00e9l\u00e9phones professionnels <\/h2>\t\t\t\t<\/div>\n\t\t\t\t<\/div>\n\t\t\t\t<div class=\"elementor-element elementor-element-d466ca4 elementor-widget elementor-widget-heading\" data-id=\"d466ca4\" data-element_type=\"widget\" data-widget_type=\"heading.default\">\n\t\t\t\t<div class=\"elementor-widget-container\">\n\t\t\t\t\t<h2 class=\"elementor-heading-title elementor-size-default\">Destin\u00e9s aux petites et moyennes entreprises<\/h2>\t\t\t\t<\/div>\n\t\t\t\t<\/div>\n\t\t\t\t<div class=\"elementor-element elementor-element-6c6b77a elementor-widget elementor-widget-text-editor\" data-id=\"6c6b77a\" data-element_type=\"widget\" data-widget_type=\"text-editor.default\">\n\t\t\t\t<div class=\"elementor-widget-container\">\n\t\t\t\t\t\t\t\t\t<p>Fanvil Technology est l&rsquo;un des principaux fournisseurs mondiaux d&rsquo;appareils Audio &amp; Vid\u00e9o. En tant que pionnier dans l&rsquo;application de la technologie de communication r\u00e9seau standardis\u00e9e et des technologies audios et vid\u00e9os pour construire l&rsquo;A&amp;V-IoT, Fanvil acc\u00e9l\u00e8re la transformation num\u00e9rique de plusieurs industries avec ses produits.<\/p>\t\t\t\t\t\t\t\t<\/div>\n\t\t\t\t<\/div>\n\t\t\t\t\t<\/div>\n\t\t\t\t<\/div>\n\t\t<div data-particle_enable=\"false\" data-particle-mobile-disabled=\"false\" class=\"elementor-element elementor-element-6ace0b0 e-flex e-con-boxed e-con e-child\" data-id=\"6ace0b0\" data-element_type=\"container\">\n\t\t\t\t\t<div class=\"e-con-inner\">\n\t\t\t\t<div class=\"elementor-element elementor-element-c67b5f8 elementor-widget elementor-widget-image\" data-id=\"c67b5f8\" data-element_type=\"widget\" data-widget_type=\"image.default\">\n\t\t\t\t<div class=\"elementor-widget-container\">\n\t\t\t\t\t\t\t\t\t\t\t\t\t\t\t<img fetchpriority=\"high\" decoding=\"async\" width=\"1122\" height=\"438\" src=\"https:\/\/ndist.ci\/ndi-admin\/wp-content\/uploads\/2024\/05\/Fanvil-Logo-PNG.png\" class=\"attachment-full size-full wp-image-802\" alt=\"\" srcset=\"https:\/\/ndist.ci\/ndi-admin\/wp-content\/uploads\/2024\/05\/Fanvil-Logo-PNG.png 1122w, https:\/\/ndist.ci\/ndi-admin\/wp-content\/uploads\/2024\/05\/Fanvil-Logo-PNG-300x117.png 300w, https:\/\/ndist.ci\/ndi-admin\/wp-content\/uploads\/2024\/05\/Fanvil-Logo-PNG-1024x400.png 1024w, https:\/\/ndist.ci\/ndi-admin\/wp-content\/uploads\/2024\/05\/Fanvil-Logo-PNG-768x300.png 768w\" sizes=\"(max-width: 1122px) 100vw, 1122px\" \/>\t\t\t\t\t\t\t\t\t\t\t\t\t\t\t<\/div>\n\t\t\t\t<\/div>\n\t\t\t\t\t<\/div>\n\t\t\t\t<\/div>\n\t\t\t\t\t<\/div>\n\t\t\t\t<\/div>\n\t\t<div data-particle_enable=\"false\" data-particle-mobile-disabled=\"false\" class=\"elementor-element elementor-element-e35f01a e-flex e-con-boxed e-con e-child\" data-id=\"e35f01a\" data-element_type=\"container\">\n\t\t\t\t\t<div class=\"e-con-inner\">\n\t\t<div data-particle_enable=\"false\" data-particle-mobile-disabled=\"false\" class=\"elementor-element elementor-element-d0fd728 e-flex e-con-boxed e-con e-child\" data-id=\"d0fd728\" data-element_type=\"container\">\n\t\t\t\t\t<div class=\"e-con-inner\">\n\t\t\t\t<div class=\"elementor-element elementor-element-55e4ba6 elementor-widget elementor-widget-image\" data-id=\"55e4ba6\" data-element_type=\"widget\" data-widget_type=\"image.default\">\n\t\t\t\t<div class=\"elementor-widget-container\">\n\t\t\t\t\t\t\t\t\t\t\t\t\t\t\t<img decoding=\"async\" width=\"800\" height=\"437\" src=\"https:\/\/ndist.ci\/ndi-admin\/wp-content\/uploads\/2024\/05\/Capture-decran-2024-05-20-a-14.18.06-1024x559.png\" class=\"attachment-large size-large wp-image-803\" alt=\"\" srcset=\"https:\/\/ndist.ci\/ndi-admin\/wp-content\/uploads\/2024\/05\/Capture-decran-2024-05-20-a-14.18.06-1024x559.png 1024w, https:\/\/ndist.ci\/ndi-admin\/wp-content\/uploads\/2024\/05\/Capture-decran-2024-05-20-a-14.18.06-300x164.png 300w, https:\/\/ndist.ci\/ndi-admin\/wp-content\/uploads\/2024\/05\/Capture-decran-2024-05-20-a-14.18.06-768x419.png 768w, https:\/\/ndist.ci\/ndi-admin\/wp-content\/uploads\/2024\/05\/Capture-decran-2024-05-20-a-14.18.06.png 1250w\" sizes=\"(max-width: 800px) 100vw, 800px\" \/>\t\t\t\t\t\t\t\t\t\t\t\t\t\t\t<\/div>\n\t\t\t\t<\/div>\n\t\t\t\t\t<\/div>\n\t\t\t\t<\/div>\n\t\t<div data-particle_enable=\"false\" data-particle-mobile-disabled=\"false\" class=\"elementor-element elementor-element-6ae416d e-flex e-con-boxed e-con e-child\" data-id=\"6ae416d\" data-element_type=\"container\">\n\t\t\t\t\t<div class=\"e-con-inner\">\n\t\t\t\t<div class=\"elementor-element elementor-element-a3c5ad6 elementor-widget elementor-widget-image\" data-id=\"a3c5ad6\" data-element_type=\"widget\" data-widget_type=\"image.default\">\n\t\t\t\t<div class=\"elementor-widget-container\">\n\t\t\t\t\t\t\t\t\t\t\t\t\t\t\t<img decoding=\"async\" width=\"800\" height=\"450\" src=\"https:\/\/ndist.ci\/ndi-admin\/wp-content\/uploads\/2024\/05\/Capture-decran-2024-05-20-a-14.18.33-1024x576.png\" class=\"attachment-large size-large wp-image-804\" alt=\"\" srcset=\"https:\/\/ndist.ci\/ndi-admin\/wp-content\/uploads\/2024\/05\/Capture-decran-2024-05-20-a-14.18.33-1024x576.png 1024w, https:\/\/ndist.ci\/ndi-admin\/wp-content\/uploads\/2024\/05\/Capture-decran-2024-05-20-a-14.18.33-300x169.png 300w, https:\/\/ndist.ci\/ndi-admin\/wp-content\/uploads\/2024\/05\/Capture-decran-2024-05-20-a-14.18.33-768x432.png 768w, https:\/\/ndist.ci\/ndi-admin\/wp-content\/uploads\/2024\/05\/Capture-decran-2024-05-20-a-14.18.33.png 1244w\" sizes=\"(max-width: 800px) 100vw, 800px\" \/>\t\t\t\t\t\t\t\t\t\t\t\t\t\t\t<\/div>\n\t\t\t\t<\/div>\n\t\t\t\t\t<\/div>\n\t\t\t\t<\/div>\n\t\t\t\t\t<\/div>\n\t\t\t\t<\/div>\n\t\t<div data-particle_enable=\"false\" data-particle-mobile-disabled=\"false\" class=\"elementor-element elementor-element-97f3ebe e-flex e-con-boxed e-con e-child\" data-id=\"97f3ebe\" data-element_type=\"container\">\n\t\t\t\t\t<div class=\"e-con-inner\">\n\t\t<div data-particle_enable=\"false\" data-particle-mobile-disabled=\"false\" class=\"elementor-element elementor-element-f39c230 e-flex e-con-boxed e-con e-child\" data-id=\"f39c230\" data-element_type=\"container\">\n\t\t\t\t\t<div class=\"e-con-inner\">\n\t\t\t\t<div class=\"elementor-element elementor-element-bed4f9b elementor-widget elementor-widget-image\" data-id=\"bed4f9b\" data-element_type=\"widget\" data-widget_type=\"image.default\">\n\t\t\t\t<div class=\"elementor-widget-container\">\n\t\t\t\t\t\t\t\t\t\t\t\t\t\t\t<img loading=\"lazy\" decoding=\"async\" width=\"768\" height=\"666\" src=\"https:\/\/ndist.ci\/ndi-admin\/wp-content\/uploads\/2024\/05\/Capture-decran-2024-05-20-a-14.17.33-768x666.png\" class=\"attachment-medium_large size-medium_large wp-image-805\" alt=\"\" srcset=\"https:\/\/ndist.ci\/ndi-admin\/wp-content\/uploads\/2024\/05\/Capture-decran-2024-05-20-a-14.17.33-768x666.png 768w, https:\/\/ndist.ci\/ndi-admin\/wp-content\/uploads\/2024\/05\/Capture-decran-2024-05-20-a-14.17.33-300x260.png 300w, https:\/\/ndist.ci\/ndi-admin\/wp-content\/uploads\/2024\/05\/Capture-decran-2024-05-20-a-14.17.33-1024x888.png 1024w, https:\/\/ndist.ci\/ndi-admin\/wp-content\/uploads\/2024\/05\/Capture-decran-2024-05-20-a-14.17.33.png 1250w\" sizes=\"(max-width: 768px) 100vw, 768px\" \/>\t\t\t\t\t\t\t\t\t\t\t\t\t\t\t<\/div>\n\t\t\t\t<\/div>\n\t\t\t\t\t<\/div>\n\t\t\t\t<\/div>\n\t\t\t\t\t<\/div>\n\t\t\t\t<\/div>\n\t\t\t\t\t<\/div>\n\t\t\t\t<\/div>\n\t\t\t\t<\/div>\n\t\t","protected":false},"excerpt":{"rendered":"<p>FANVIL T\u00e9l\u00e9phones professionnels Destin\u00e9s aux petites et moyennes entreprises Fanvil Technology est l&rsquo;un des principaux fournisseurs mondiaux d&rsquo;appareils Audio &amp; Vid\u00e9o. En tant que pionnier dans l&rsquo;application de la technologie de communication r\u00e9seau standardis\u00e9e et des technologies audios et vid\u00e9os pour construire l&rsquo;A&amp;V-IoT, Fanvil acc\u00e9l\u00e8re la transformation num\u00e9rique de plusieurs industries avec ses produits.<\/p>\n","protected":false},"author":1,"featured_media":0,"parent":0,"menu_order":0,"comment_status":"closed","ping_status":"closed","template":"","meta":{"footnotes":""},"class_list":["post-801","page","type-page","status-publish","hentry"],"_links":{"self":[{"href":"https:\/\/ndist.ci\/ndi-admin\/index.php\/wp-json\/wp\/v2\/pages\/801","targetHints":{"allow":["GET"]}}],"collection":[{"href":"https:\/\/ndist.ci\/ndi-admin\/index.php\/wp-json\/wp\/v2\/pages"}],"about":[{"href":"https:\/\/ndist.ci\/ndi-admin\/index.php\/wp-json\/wp\/v2\/types\/page"}],"author":[{"embeddable":true,"href":"https:\/\/ndist.ci\/ndi-admin\/index.php\/wp-json\/wp\/v2\/users\/1"}],"replies":[{"embeddable":true,"href":"https:\/\/ndist.ci\/ndi-admin\/index.php\/wp-json\/wp\/v2\/comments?post=801"}],"version-history":[{"count":3,"href":"https:\/\/ndist.ci\/ndi-admin\/index.php\/wp-json\/wp\/v2\/pages\/801\/revisions"}],"predecessor-version":[{"id":808,"href":"https:\/\/ndist.ci\/ndi-admin\/index.php\/wp-json\/wp\/v2\/pages\/801\/revisions\/808"}],"wp:attachment":[{"href":"https:\/\/ndist.ci\/ndi-admin\/index.php\/wp-json\/wp\/v2\/media?parent=801"}],"curies":[{"name":"wp","href":"https:\/\/api.w.org\/{rel}","templated":true}]}}