{"id":793,"date":"2024-05-20T16:08:15","date_gmt":"2024-05-20T14:08:15","guid":{"rendered":"https:\/\/ndist.ci\/ndi-admin\/?page_id=793"},"modified":"2024-05-20T16:11:12","modified_gmt":"2024-05-20T14:11:12","slug":"cambium-networks","status":"publish","type":"page","link":"https:\/\/ndist.ci\/ndi-admin\/index.php\/cambium-networks\/","title":{"rendered":"Cambium Networks"},"content":{"rendered":"\t\t<div data-elementor-type=\"wp-page\" data-elementor-id=\"793\" class=\"elementor elementor-793\" data-elementor-post-type=\"page\">\n\t\t\t\t<div data-particle_enable=\"false\" data-particle-mobile-disabled=\"false\" class=\"elementor-element elementor-element-7485325 e-con-full e-flex e-con e-parent\" data-id=\"7485325\" data-element_type=\"container\" data-settings=\"{&quot;background_background&quot;:&quot;classic&quot;}\">\n\t\t\t\t<div class=\"elementor-element elementor-element-cbfda4b elementor-widget elementor-widget-heading\" data-id=\"cbfda4b\" data-element_type=\"widget\" data-widget_type=\"heading.default\">\n\t\t\t\t<div class=\"elementor-widget-container\">\n\t\t\t\t\t<h2 class=\"elementor-heading-title elementor-size-default\">CAMBIUM NETWORKS<\/h2>\t\t\t\t<\/div>\n\t\t\t\t<\/div>\n\t\t\t\t<\/div>\n\t\t<div data-particle_enable=\"false\" data-particle-mobile-disabled=\"false\" class=\"elementor-element elementor-element-db1a3d2 e-flex e-con-boxed e-con e-parent\" data-id=\"db1a3d2\" data-element_type=\"container\" data-settings=\"{&quot;background_background&quot;:&quot;classic&quot;}\">\n\t\t\t\t\t<div class=\"e-con-inner\">\n\t\t<div data-particle_enable=\"false\" data-particle-mobile-disabled=\"false\" class=\"elementor-element elementor-element-3f4e3b6 e-flex e-con-boxed e-con e-child\" data-id=\"3f4e3b6\" data-element_type=\"container\">\n\t\t\t\t\t<div class=\"e-con-inner\">\n\t\t<div data-particle_enable=\"false\" data-particle-mobile-disabled=\"false\" class=\"elementor-element elementor-element-86d4de2 e-flex e-con-boxed e-con e-child\" data-id=\"86d4de2\" data-element_type=\"container\">\n\t\t\t\t\t<div class=\"e-con-inner\">\n\t\t\t\t<div class=\"elementor-element elementor-element-d9bb90a elementor-widget elementor-widget-heading\" data-id=\"d9bb90a\" data-element_type=\"widget\" data-widget_type=\"heading.default\">\n\t\t\t\t<div class=\"elementor-widget-container\">\n\t\t\t\t\t<h2 class=\"elementor-heading-title elementor-size-default\">Une connectivite qui fonctionne tout simplement<\/h2>\t\t\t\t<\/div>\n\t\t\t\t<\/div>\n\t\t\t\t<div class=\"elementor-element elementor-element-d466ca4 elementor-widget elementor-widget-heading\" data-id=\"d466ca4\" data-element_type=\"widget\" data-widget_type=\"heading.default\">\n\t\t\t\t<div class=\"elementor-widget-container\">\n\t\t\t\t\t<h2 class=\"elementor-heading-title elementor-size-default\"> Fournisseur d'infrastructures sans fil<\/h2>\t\t\t\t<\/div>\n\t\t\t\t<\/div>\n\t\t\t\t<div class=\"elementor-element elementor-element-6c6b77a elementor-widget elementor-widget-text-editor\" data-id=\"6c6b77a\" data-element_type=\"widget\" data-widget_type=\"text-editor.default\">\n\t\t\t\t<div class=\"elementor-widget-container\">\n\t\t\t\t\t\t\t\t\t<p>Cambium Networks est l\u2019un des principaux fournisseurs mondiaux d\u2019infrastructures de fabrique sans fil pour le haut d\u00e9bit,\u00a0 \u00a0le Wi-Fi professionnels et r\u00e9sidentiels. Il collabore avec les op\u00e9rateurs de r\u00e9seaux et les serve dans les domaines de l\u2019\u00e9ducation, de la sant\u00e9, des campus industriels et des municipalit\u00e9s, et il donne \u00e0 ses partenaires les moyens de maximiser \u00e9conomiquement les performances haut d\u00e9bit et Wi-Fi.<\/p><p>Cambium fournit un acc\u00e8s Internet \u00e0 haut d\u00e9bit du dernier kilom\u00e8tre aux abonn\u00e9s professionnels et r\u00e9sidentiels dans les environnements urbains, suburbains et ruraux.<\/p>\t\t\t\t\t\t\t\t<\/div>\n\t\t\t\t<\/div>\n\t\t\t\t\t<\/div>\n\t\t\t\t<\/div>\n\t\t<div data-particle_enable=\"false\" data-particle-mobile-disabled=\"false\" class=\"elementor-element elementor-element-6ace0b0 e-flex e-con-boxed e-con e-child\" data-id=\"6ace0b0\" data-element_type=\"container\">\n\t\t\t\t\t<div class=\"e-con-inner\">\n\t\t\t\t<div class=\"elementor-element elementor-element-c67b5f8 elementor-widget elementor-widget-image\" data-id=\"c67b5f8\" data-element_type=\"widget\" data-widget_type=\"image.default\">\n\t\t\t\t<div class=\"elementor-widget-container\">\n\t\t\t\t\t\t\t\t\t\t\t\t\t\t\t<img fetchpriority=\"high\" decoding=\"async\" width=\"838\" height=\"404\" src=\"https:\/\/ndist.ci\/ndi-admin\/wp-content\/uploads\/2024\/05\/Cambium_logo_side_stacked_blue_black.webp\" class=\"attachment-full size-full wp-image-794\" alt=\"\" srcset=\"https:\/\/ndist.ci\/ndi-admin\/wp-content\/uploads\/2024\/05\/Cambium_logo_side_stacked_blue_black.webp 838w, https:\/\/ndist.ci\/ndi-admin\/wp-content\/uploads\/2024\/05\/Cambium_logo_side_stacked_blue_black-300x145.webp 300w, https:\/\/ndist.ci\/ndi-admin\/wp-content\/uploads\/2024\/05\/Cambium_logo_side_stacked_blue_black-768x370.webp 768w\" sizes=\"(max-width: 838px) 100vw, 838px\" \/>\t\t\t\t\t\t\t\t\t\t\t\t\t\t\t<\/div>\n\t\t\t\t<\/div>\n\t\t\t\t\t<\/div>\n\t\t\t\t<\/div>\n\t\t\t\t\t<\/div>\n\t\t\t\t<\/div>\n\t\t<div data-particle_enable=\"false\" data-particle-mobile-disabled=\"false\" class=\"elementor-element elementor-element-e35f01a e-flex e-con-boxed e-con e-child\" data-id=\"e35f01a\" data-element_type=\"container\">\n\t\t\t\t\t<div class=\"e-con-inner\">\n\t\t<div data-particle_enable=\"false\" data-particle-mobile-disabled=\"false\" class=\"elementor-element elementor-element-d0fd728 e-flex e-con-boxed e-con e-child\" data-id=\"d0fd728\" data-element_type=\"container\">\n\t\t\t\t\t<div class=\"e-con-inner\">\n\t\t\t\t<div class=\"elementor-element elementor-element-55e4ba6 elementor-widget elementor-widget-image\" data-id=\"55e4ba6\" data-element_type=\"widget\" data-widget_type=\"image.default\">\n\t\t\t\t<div class=\"elementor-widget-container\">\n\t\t\t\t\t\t\t\t\t\t\t\t\t\t\t<img decoding=\"async\" width=\"800\" height=\"290\" src=\"https:\/\/ndist.ci\/ndi-admin\/wp-content\/uploads\/2024\/05\/Capture-decran-2024-05-20-a-14.08.35-1024x371.png\" class=\"attachment-large size-large wp-image-795\" alt=\"\" srcset=\"https:\/\/ndist.ci\/ndi-admin\/wp-content\/uploads\/2024\/05\/Capture-decran-2024-05-20-a-14.08.35-1024x371.png 1024w, https:\/\/ndist.ci\/ndi-admin\/wp-content\/uploads\/2024\/05\/Capture-decran-2024-05-20-a-14.08.35-300x109.png 300w, https:\/\/ndist.ci\/ndi-admin\/wp-content\/uploads\/2024\/05\/Capture-decran-2024-05-20-a-14.08.35-768x278.png 768w, https:\/\/ndist.ci\/ndi-admin\/wp-content\/uploads\/2024\/05\/Capture-decran-2024-05-20-a-14.08.35.png 1292w\" sizes=\"(max-width: 800px) 100vw, 800px\" \/>\t\t\t\t\t\t\t\t\t\t\t\t\t\t\t<\/div>\n\t\t\t\t<\/div>\n\t\t\t\t\t<\/div>\n\t\t\t\t<\/div>\n\t\t<div data-particle_enable=\"false\" data-particle-mobile-disabled=\"false\" class=\"elementor-element elementor-element-6ae416d e-flex e-con-boxed e-con e-child\" data-id=\"6ae416d\" data-element_type=\"container\">\n\t\t\t\t\t<div class=\"e-con-inner\">\n\t\t\t\t<div class=\"elementor-element elementor-element-a3c5ad6 elementor-widget elementor-widget-image\" data-id=\"a3c5ad6\" data-element_type=\"widget\" data-widget_type=\"image.default\">\n\t\t\t\t<div class=\"elementor-widget-container\">\n\t\t\t\t\t\t\t\t\t\t\t\t\t\t\t<img decoding=\"async\" width=\"800\" height=\"294\" src=\"https:\/\/ndist.ci\/ndi-admin\/wp-content\/uploads\/2024\/05\/Capture-decran-2024-05-20-a-14.08.23-1024x376.png\" class=\"attachment-large size-large wp-image-796\" alt=\"\" srcset=\"https:\/\/ndist.ci\/ndi-admin\/wp-content\/uploads\/2024\/05\/Capture-decran-2024-05-20-a-14.08.23-1024x376.png 1024w, https:\/\/ndist.ci\/ndi-admin\/wp-content\/uploads\/2024\/05\/Capture-decran-2024-05-20-a-14.08.23-300x110.png 300w, https:\/\/ndist.ci\/ndi-admin\/wp-content\/uploads\/2024\/05\/Capture-decran-2024-05-20-a-14.08.23-768x282.png 768w, https:\/\/ndist.ci\/ndi-admin\/wp-content\/uploads\/2024\/05\/Capture-decran-2024-05-20-a-14.08.23.png 1292w\" sizes=\"(max-width: 800px) 100vw, 800px\" \/>\t\t\t\t\t\t\t\t\t\t\t\t\t\t\t<\/div>\n\t\t\t\t<\/div>\n\t\t\t\t\t<\/div>\n\t\t\t\t<\/div>\n\t\t\t\t\t<\/div>\n\t\t\t\t<\/div>\n\t\t<div data-particle_enable=\"false\" data-particle-mobile-disabled=\"false\" class=\"elementor-element elementor-element-97f3ebe e-flex e-con-boxed e-con e-child\" data-id=\"97f3ebe\" data-element_type=\"container\">\n\t\t\t\t\t<div class=\"e-con-inner\">\n\t\t<div data-particle_enable=\"false\" data-particle-mobile-disabled=\"false\" class=\"elementor-element elementor-element-f39c230 e-flex e-con-boxed e-con e-child\" data-id=\"f39c230\" data-element_type=\"container\">\n\t\t\t\t\t<div class=\"e-con-inner\">\n\t\t\t\t<div class=\"elementor-element elementor-element-bed4f9b elementor-widget elementor-widget-image\" data-id=\"bed4f9b\" data-element_type=\"widget\" data-widget_type=\"image.default\">\n\t\t\t\t<div class=\"elementor-widget-container\">\n\t\t\t\t\t\t\t\t\t\t\t\t\t\t\t<img loading=\"lazy\" decoding=\"async\" width=\"768\" height=\"400\" src=\"https:\/\/ndist.ci\/ndi-admin\/wp-content\/uploads\/2024\/05\/Capture-decran-2024-05-20-a-14.08.51-768x400.png\" class=\"attachment-medium_large size-medium_large wp-image-797\" alt=\"\" srcset=\"https:\/\/ndist.ci\/ndi-admin\/wp-content\/uploads\/2024\/05\/Capture-decran-2024-05-20-a-14.08.51-768x400.png 768w, https:\/\/ndist.ci\/ndi-admin\/wp-content\/uploads\/2024\/05\/Capture-decran-2024-05-20-a-14.08.51-300x156.png 300w, https:\/\/ndist.ci\/ndi-admin\/wp-content\/uploads\/2024\/05\/Capture-decran-2024-05-20-a-14.08.51-1024x533.png 1024w, https:\/\/ndist.ci\/ndi-admin\/wp-content\/uploads\/2024\/05\/Capture-decran-2024-05-20-a-14.08.51.png 1284w\" sizes=\"(max-width: 768px) 100vw, 768px\" \/>\t\t\t\t\t\t\t\t\t\t\t\t\t\t\t<\/div>\n\t\t\t\t<\/div>\n\t\t\t\t\t<\/div>\n\t\t\t\t<\/div>\n\t\t\t\t\t<\/div>\n\t\t\t\t<\/div>\n\t\t\t\t\t<\/div>\n\t\t\t\t<\/div>\n\t\t\t\t<\/div>\n\t\t","protected":false},"excerpt":{"rendered":"<p>CAMBIUM NETWORKS Une connectivite qui fonctionne tout simplement Fournisseur d&rsquo;infrastructures sans fil Cambium Networks est l\u2019un des principaux fournisseurs mondiaux d\u2019infrastructures de fabrique sans fil pour le haut d\u00e9bit,\u00a0 \u00a0le Wi-Fi professionnels et r\u00e9sidentiels. Il collabore avec les op\u00e9rateurs de r\u00e9seaux et les serve dans les domaines de l\u2019\u00e9ducation, de la sant\u00e9, des campus industriels [&hellip;]<\/p>\n","protected":false},"author":1,"featured_media":0,"parent":0,"menu_order":0,"comment_status":"closed","ping_status":"closed","template":"","meta":{"footnotes":""},"class_list":["post-793","page","type-page","status-publish","hentry"],"_links":{"self":[{"href":"https:\/\/ndist.ci\/ndi-admin\/index.php\/wp-json\/wp\/v2\/pages\/793","targetHints":{"allow":["GET"]}}],"collection":[{"href":"https:\/\/ndist.ci\/ndi-admin\/index.php\/wp-json\/wp\/v2\/pages"}],"about":[{"href":"https:\/\/ndist.ci\/ndi-admin\/index.php\/wp-json\/wp\/v2\/types\/page"}],"author":[{"embeddable":true,"href":"https:\/\/ndist.ci\/ndi-admin\/index.php\/wp-json\/wp\/v2\/users\/1"}],"replies":[{"embeddable":true,"href":"https:\/\/ndist.ci\/ndi-admin\/index.php\/wp-json\/wp\/v2\/comments?post=793"}],"version-history":[{"count":3,"href":"https:\/\/ndist.ci\/ndi-admin\/index.php\/wp-json\/wp\/v2\/pages\/793\/revisions"}],"predecessor-version":[{"id":800,"href":"https:\/\/ndist.ci\/ndi-admin\/index.php\/wp-json\/wp\/v2\/pages\/793\/revisions\/800"}],"wp:attachment":[{"href":"https:\/\/ndist.ci\/ndi-admin\/index.php\/wp-json\/wp\/v2\/media?parent=793"}],"curies":[{"name":"wp","href":"https:\/\/api.w.org\/{rel}","templated":true}]}}