{"id":679,"date":"2024-04-05T01:35:54","date_gmt":"2024-04-04T23:35:54","guid":{"rendered":"https:\/\/ndist.ci\/ndi-admin\/?page_id=679"},"modified":"2024-04-05T01:52:31","modified_gmt":"2024-04-04T23:52:31","slug":"watchguard","status":"publish","type":"page","link":"https:\/\/ndist.ci\/ndi-admin\/index.php\/watchguard\/","title":{"rendered":"Watchguard"},"content":{"rendered":"\t\t<div data-elementor-type=\"wp-page\" data-elementor-id=\"679\" class=\"elementor elementor-679\" data-elementor-post-type=\"page\">\n\t\t\t\t<div data-particle_enable=\"false\" data-particle-mobile-disabled=\"false\" class=\"elementor-element elementor-element-7485325 e-con-full e-flex e-con e-parent\" data-id=\"7485325\" data-element_type=\"container\" data-settings=\"{&quot;background_background&quot;:&quot;classic&quot;}\">\n\t\t\t\t<div class=\"elementor-element elementor-element-cbfda4b elementor-widget elementor-widget-heading\" data-id=\"cbfda4b\" data-element_type=\"widget\" data-widget_type=\"heading.default\">\n\t\t\t\t<div class=\"elementor-widget-container\">\n\t\t\t\t\t<h2 class=\"elementor-heading-title elementor-size-default\">WATCHGUARD<\/h2>\t\t\t\t<\/div>\n\t\t\t\t<\/div>\n\t\t\t\t<\/div>\n\t\t<div data-particle_enable=\"false\" data-particle-mobile-disabled=\"false\" class=\"elementor-element elementor-element-db1a3d2 e-flex e-con-boxed e-con e-parent\" data-id=\"db1a3d2\" data-element_type=\"container\" data-settings=\"{&quot;background_background&quot;:&quot;classic&quot;}\">\n\t\t\t\t\t<div class=\"e-con-inner\">\n\t\t<div data-particle_enable=\"false\" data-particle-mobile-disabled=\"false\" class=\"elementor-element elementor-element-3f4e3b6 e-flex e-con-boxed e-con e-child\" data-id=\"3f4e3b6\" data-element_type=\"container\">\n\t\t\t\t\t<div class=\"e-con-inner\">\n\t\t<div data-particle_enable=\"false\" data-particle-mobile-disabled=\"false\" class=\"elementor-element elementor-element-86d4de2 e-flex e-con-boxed e-con e-child\" data-id=\"86d4de2\" data-element_type=\"container\">\n\t\t\t\t\t<div class=\"e-con-inner\">\n\t\t\t\t<div class=\"elementor-element elementor-element-d9bb90a elementor-widget elementor-widget-heading\" data-id=\"d9bb90a\" data-element_type=\"widget\" data-widget_type=\"heading.default\">\n\t\t\t\t<div class=\"elementor-widget-container\">\n\t\t\t\t\t<h2 class=\"elementor-heading-title elementor-size-default\">La s\u00e9curit\u00e9 des terminaux \u00e0 partir de WatchGuard<\/h2>\t\t\t\t<\/div>\n\t\t\t\t<\/div>\n\t\t\t\t<div class=\"elementor-element elementor-element-d466ca4 elementor-widget elementor-widget-heading\" data-id=\"d466ca4\" data-element_type=\"widget\" data-widget_type=\"heading.default\">\n\t\t\t\t<div class=\"elementor-widget-container\">\n\t\t\t\t\t<h2 class=\"elementor-heading-title elementor-size-default\">Prot\u00e9ger vos p\u00e9riph\u00e9riques en toute confiance<\/h2>\t\t\t\t<\/div>\n\t\t\t\t<\/div>\n\t\t\t\t<div class=\"elementor-element elementor-element-6c6b77a elementor-widget elementor-widget-text-editor\" data-id=\"6c6b77a\" data-element_type=\"widget\" data-widget_type=\"text-editor.default\">\n\t\t\t\t<div class=\"elementor-widget-container\">\n\t\t\t\t\t\t\t\t\t<p>L&rsquo;\u00e9volution des menaces est aujourd&rsquo;hui tr\u00e8s complexe et le volume de nouveaux virus est sans pr\u00e9c\u00e9dent. Pour faire face \u00e0 cette r\u00e9alit\u00e9, d\u00e9ployez WatchGuard Security. Vous serez ainsi en mesure de g\u00e9rer facilement les technologies (notamment les solutions antivirus, EDR et de filtrage DNS de nouvelle g\u00e9n\u00e9ration) requises pour intercepter les cyber-attaques avanc\u00e9es, ainsi qu\u2019un set complet de modules int\u00e9gr\u00e9s qui ajoutent des couches de protections suppl\u00e9mentaires pour l&rsquo;application des correctifs, la visibilit\u00e9 \u00e9tendue et le contr\u00f4le des donn\u00e9es.<\/p><p>Watchguard est une entreprise leader dans la s\u00e9curit\u00e9 r\u00e9seau et informatique, plus de 500\u00a0000 clients, plus de 100 distributeurs et plus 9000 sous distributeurs \u00e0 travers le monde.<\/p>\t\t\t\t\t\t\t\t<\/div>\n\t\t\t\t<\/div>\n\t\t\t\t\t<\/div>\n\t\t\t\t<\/div>\n\t\t<div data-particle_enable=\"false\" data-particle-mobile-disabled=\"false\" class=\"elementor-element elementor-element-6ace0b0 e-flex e-con-boxed e-con e-child\" data-id=\"6ace0b0\" data-element_type=\"container\">\n\t\t\t\t\t<div class=\"e-con-inner\">\n\t\t\t\t<div class=\"elementor-element elementor-element-c67b5f8 elementor-widget elementor-widget-image\" data-id=\"c67b5f8\" data-element_type=\"widget\" data-widget_type=\"image.default\">\n\t\t\t\t<div class=\"elementor-widget-container\">\n\t\t\t\t\t\t\t\t\t\t\t\t\t\t\t<img fetchpriority=\"high\" decoding=\"async\" width=\"512\" height=\"148\" src=\"https:\/\/ndist.ci\/ndi-admin\/wp-content\/uploads\/2024\/04\/Watchguard_logo.svg_.png\" class=\"attachment-full size-full wp-image-681\" alt=\"\" srcset=\"https:\/\/ndist.ci\/ndi-admin\/wp-content\/uploads\/2024\/04\/Watchguard_logo.svg_.png 512w, https:\/\/ndist.ci\/ndi-admin\/wp-content\/uploads\/2024\/04\/Watchguard_logo.svg_-300x87.png 300w\" sizes=\"(max-width: 512px) 100vw, 512px\" \/>\t\t\t\t\t\t\t\t\t\t\t\t\t\t\t<\/div>\n\t\t\t\t<\/div>\n\t\t\t\t\t<\/div>\n\t\t\t\t<\/div>\n\t\t\t\t\t<\/div>\n\t\t\t\t<\/div>\n\t\t<div data-particle_enable=\"false\" data-particle-mobile-disabled=\"false\" class=\"elementor-element elementor-element-e35f01a e-flex e-con-boxed e-con e-child\" data-id=\"e35f01a\" data-element_type=\"container\">\n\t\t\t\t\t<div class=\"e-con-inner\">\n\t\t<div data-particle_enable=\"false\" data-particle-mobile-disabled=\"false\" class=\"elementor-element elementor-element-d0fd728 e-flex e-con-boxed e-con e-child\" data-id=\"d0fd728\" data-element_type=\"container\">\n\t\t\t\t\t<div class=\"e-con-inner\">\n\t\t\t\t<div class=\"elementor-element elementor-element-55e4ba6 elementor-widget elementor-widget-image\" data-id=\"55e4ba6\" data-element_type=\"widget\" data-widget_type=\"image.default\">\n\t\t\t\t<div class=\"elementor-widget-container\">\n\t\t\t\t\t\t\t\t\t\t\t\t\t\t\t<img decoding=\"async\" width=\"800\" height=\"347\" src=\"https:\/\/ndist.ci\/ndi-admin\/wp-content\/uploads\/2024\/04\/Capture-decran-2024-04-04-a-23.36.02-1024x444.png\" class=\"attachment-large size-large wp-image-682\" alt=\"\" srcset=\"https:\/\/ndist.ci\/ndi-admin\/wp-content\/uploads\/2024\/04\/Capture-decran-2024-04-04-a-23.36.02-1024x444.png 1024w, https:\/\/ndist.ci\/ndi-admin\/wp-content\/uploads\/2024\/04\/Capture-decran-2024-04-04-a-23.36.02-300x130.png 300w, https:\/\/ndist.ci\/ndi-admin\/wp-content\/uploads\/2024\/04\/Capture-decran-2024-04-04-a-23.36.02-768x333.png 768w, https:\/\/ndist.ci\/ndi-admin\/wp-content\/uploads\/2024\/04\/Capture-decran-2024-04-04-a-23.36.02.png 1376w\" sizes=\"(max-width: 800px) 100vw, 800px\" \/>\t\t\t\t\t\t\t\t\t\t\t\t\t\t\t<\/div>\n\t\t\t\t<\/div>\n\t\t\t\t\t<\/div>\n\t\t\t\t<\/div>\n\t\t<div data-particle_enable=\"false\" data-particle-mobile-disabled=\"false\" class=\"elementor-element elementor-element-6ae416d e-flex e-con-boxed e-con e-child\" data-id=\"6ae416d\" data-element_type=\"container\">\n\t\t\t\t\t<div class=\"e-con-inner\">\n\t\t\t\t<div class=\"elementor-element elementor-element-a3c5ad6 elementor-widget elementor-widget-image\" data-id=\"a3c5ad6\" data-element_type=\"widget\" data-widget_type=\"image.default\">\n\t\t\t\t<div class=\"elementor-widget-container\">\n\t\t\t\t\t\t\t\t\t\t\t\t\t\t\t<img decoding=\"async\" width=\"800\" height=\"347\" src=\"https:\/\/ndist.ci\/ndi-admin\/wp-content\/uploads\/2024\/04\/Capture-decran-2024-04-04-a-23.42.49-1024x444.png\" class=\"attachment-large size-large wp-image-692\" alt=\"\" srcset=\"https:\/\/ndist.ci\/ndi-admin\/wp-content\/uploads\/2024\/04\/Capture-decran-2024-04-04-a-23.42.49-1024x444.png 1024w, https:\/\/ndist.ci\/ndi-admin\/wp-content\/uploads\/2024\/04\/Capture-decran-2024-04-04-a-23.42.49-300x130.png 300w, https:\/\/ndist.ci\/ndi-admin\/wp-content\/uploads\/2024\/04\/Capture-decran-2024-04-04-a-23.42.49-768x333.png 768w, https:\/\/ndist.ci\/ndi-admin\/wp-content\/uploads\/2024\/04\/Capture-decran-2024-04-04-a-23.42.49.png 1376w\" sizes=\"(max-width: 800px) 100vw, 800px\" \/>\t\t\t\t\t\t\t\t\t\t\t\t\t\t\t<\/div>\n\t\t\t\t<\/div>\n\t\t\t\t\t<\/div>\n\t\t\t\t<\/div>\n\t\t\t\t\t<\/div>\n\t\t\t\t<\/div>\n\t\t<div data-particle_enable=\"false\" data-particle-mobile-disabled=\"false\" class=\"elementor-element elementor-element-97f3ebe e-flex e-con-boxed e-con e-child\" data-id=\"97f3ebe\" data-element_type=\"container\">\n\t\t\t\t\t<div class=\"e-con-inner\">\n\t\t<div data-particle_enable=\"false\" data-particle-mobile-disabled=\"false\" class=\"elementor-element elementor-element-f39c230 e-flex e-con-boxed e-con e-child\" data-id=\"f39c230\" data-element_type=\"container\">\n\t\t\t\t\t<div class=\"e-con-inner\">\n\t\t\t\t<div class=\"elementor-element elementor-element-bed4f9b elementor-widget elementor-widget-image\" data-id=\"bed4f9b\" data-element_type=\"widget\" data-widget_type=\"image.default\">\n\t\t\t\t<div class=\"elementor-widget-container\">\n\t\t\t\t\t\t\t\t\t\t\t\t\t\t\t<img loading=\"lazy\" decoding=\"async\" width=\"768\" height=\"614\" src=\"https:\/\/ndist.ci\/ndi-admin\/wp-content\/uploads\/2024\/04\/Capture-decran-2024-04-04-a-23.46.44-768x614.png\" class=\"attachment-medium_large size-medium_large wp-image-694\" alt=\"\" srcset=\"https:\/\/ndist.ci\/ndi-admin\/wp-content\/uploads\/2024\/04\/Capture-decran-2024-04-04-a-23.46.44-768x614.png 768w, https:\/\/ndist.ci\/ndi-admin\/wp-content\/uploads\/2024\/04\/Capture-decran-2024-04-04-a-23.46.44-300x240.png 300w, https:\/\/ndist.ci\/ndi-admin\/wp-content\/uploads\/2024\/04\/Capture-decran-2024-04-04-a-23.46.44-1024x819.png 1024w, https:\/\/ndist.ci\/ndi-admin\/wp-content\/uploads\/2024\/04\/Capture-decran-2024-04-04-a-23.46.44.png 1376w\" sizes=\"(max-width: 768px) 100vw, 768px\" \/>\t\t\t\t\t\t\t\t\t\t\t\t\t\t\t<\/div>\n\t\t\t\t<\/div>\n\t\t\t\t\t<\/div>\n\t\t\t\t<\/div>\n\t\t\t\t\t<\/div>\n\t\t\t\t<\/div>\n\t\t\t\t\t<\/div>\n\t\t\t\t<\/div>\n\t\t\t\t<\/div>\n\t\t","protected":false},"excerpt":{"rendered":"<p>WATCHGUARD La s\u00e9curit\u00e9 des terminaux \u00e0 partir de WatchGuard Prot\u00e9ger vos p\u00e9riph\u00e9riques en toute confiance L&rsquo;\u00e9volution des menaces est aujourd&rsquo;hui tr\u00e8s complexe et le volume de nouveaux virus est sans pr\u00e9c\u00e9dent. Pour faire face \u00e0 cette r\u00e9alit\u00e9, d\u00e9ployez WatchGuard Security. Vous serez ainsi en mesure de g\u00e9rer facilement les technologies (notamment les solutions antivirus, EDR [&hellip;]<\/p>\n","protected":false},"author":1,"featured_media":0,"parent":0,"menu_order":0,"comment_status":"closed","ping_status":"closed","template":"","meta":{"footnotes":""},"class_list":["post-679","page","type-page","status-publish","hentry"],"_links":{"self":[{"href":"https:\/\/ndist.ci\/ndi-admin\/index.php\/wp-json\/wp\/v2\/pages\/679","targetHints":{"allow":["GET"]}}],"collection":[{"href":"https:\/\/ndist.ci\/ndi-admin\/index.php\/wp-json\/wp\/v2\/pages"}],"about":[{"href":"https:\/\/ndist.ci\/ndi-admin\/index.php\/wp-json\/wp\/v2\/types\/page"}],"author":[{"embeddable":true,"href":"https:\/\/ndist.ci\/ndi-admin\/index.php\/wp-json\/wp\/v2\/users\/1"}],"replies":[{"embeddable":true,"href":"https:\/\/ndist.ci\/ndi-admin\/index.php\/wp-json\/wp\/v2\/comments?post=679"}],"version-history":[{"count":15,"href":"https:\/\/ndist.ci\/ndi-admin\/index.php\/wp-json\/wp\/v2\/pages\/679\/revisions"}],"predecessor-version":[{"id":700,"href":"https:\/\/ndist.ci\/ndi-admin\/index.php\/wp-json\/wp\/v2\/pages\/679\/revisions\/700"}],"wp:attachment":[{"href":"https:\/\/ndist.ci\/ndi-admin\/index.php\/wp-json\/wp\/v2\/media?parent=679"}],"curies":[{"name":"wp","href":"https:\/\/api.w.org\/{rel}","templated":true}]}}