{"id":623,"date":"2024-04-04T00:55:16","date_gmt":"2024-04-03T22:55:16","guid":{"rendered":"https:\/\/ndist.ci\/ndi-admin\/?page_id=623"},"modified":"2024-10-03T01:13:32","modified_gmt":"2024-10-02T23:13:32","slug":"formations","status":"publish","type":"page","link":"https:\/\/ndist.ci\/ndi-admin\/index.php\/formations\/","title":{"rendered":"Formations"},"content":{"rendered":"\t\t<div data-elementor-type=\"wp-page\" data-elementor-id=\"623\" class=\"elementor elementor-623\" data-elementor-post-type=\"page\">\n\t\t\t\t<div data-particle_enable=\"false\" data-particle-mobile-disabled=\"false\" class=\"elementor-element elementor-element-7485325 e-con-full e-flex e-con e-parent\" data-id=\"7485325\" data-element_type=\"container\" data-settings=\"{&quot;background_background&quot;:&quot;classic&quot;}\">\n\t\t\t\t<div class=\"elementor-element elementor-element-cbfda4b elementor-widget elementor-widget-heading\" data-id=\"cbfda4b\" data-element_type=\"widget\" data-widget_type=\"heading.default\">\n\t\t\t\t<div class=\"elementor-widget-container\">\n\t\t\t\t\t<h2 class=\"elementor-heading-title elementor-size-default\">Formations<\/h2>\t\t\t\t<\/div>\n\t\t\t\t<\/div>\n\t\t\t\t<\/div>\n\t\t<div data-particle_enable=\"false\" data-particle-mobile-disabled=\"false\" class=\"elementor-element elementor-element-db1a3d2 e-con-full e-flex e-con e-parent\" data-id=\"db1a3d2\" data-element_type=\"container\" data-settings=\"{&quot;background_background&quot;:&quot;classic&quot;}\">\n\t\t<div data-particle_enable=\"false\" data-particle-mobile-disabled=\"false\" class=\"elementor-element elementor-element-3f4e3b6 e-con-full e-flex e-con e-child\" data-id=\"3f4e3b6\" data-element_type=\"container\">\n\t\t<div data-particle_enable=\"false\" data-particle-mobile-disabled=\"false\" class=\"elementor-element elementor-element-86d4de2 e-flex e-con-boxed e-con e-child\" data-id=\"86d4de2\" data-element_type=\"container\" data-settings=\"{&quot;background_background&quot;:&quot;classic&quot;}\">\n\t\t\t\t\t<div class=\"e-con-inner\">\n\t\t\t\t<div class=\"elementor-element elementor-element-7af47b3 eael-product-gallery-column-4 elementor-widget elementor-widget-eael-woo-product-gallery\" data-id=\"7af47b3\" data-element_type=\"widget\" data-settings=\"{&quot;eael_product_gallery_column&quot;:&quot;4&quot;}\" data-widget_type=\"eael-woo-product-gallery.default\">\n\t\t\t\t<div class=\"elementor-widget-container\">\n\t\t\t\t\t\n        <div class=\"eael-product-gallery eael-product-preset-1 masonry eael-terms-layout-horizontal\" id=\"eael-product-gallery\" data-widget-id=\"7af47b3\" data-page-id=\"623\" data-nonce=\"4b2c2087d2\" >\n\t\t\t<ul class=\"eael-cat-tab\" data-layout=\"masonry\" data-template=\"{&quot;dir&quot;:&quot;lite&quot;,&quot;file_name&quot;:&quot;preset-1.php&quot;,&quot;name&quot;:&quot;Woo-Product-Gallery&quot;}\" data-nonce=\"4b2c2087d2\" data-page-id=\"623\" data-widget-id=\"7af47b3\" data-widget=\"7af47b3\" data-class=\"Essential_Addons_Elementor\\Elements\\Woo_Product_Gallery\" data-args=\"post_type=product&amp;post_status%5B0%5D=publish&amp;post_status%5B1%5D=pending&amp;post_status%5B2%5D=future&amp;posts_per_page=4&amp;order=desc&amp;offset=0&amp;tax_query%5Brelation%5D=AND&amp;tax_query%5B0%5D%5Btaxonomy%5D=product_visibility&amp;tax_query%5B0%5D%5Bfield%5D=name&amp;tax_query%5B0%5D%5Bterms%5D%5B0%5D=exclude-from-search&amp;tax_query%5B0%5D%5Bterms%5D%5B1%5D=exclude-from-catalog&amp;tax_query%5B0%5D%5Boperator%5D=NOT+IN&amp;tax_query%5B1%5D%5Brelation%5D=OR&amp;tax_query%5B1%5D%5B0%5D%5Btaxonomy%5D=product_cat&amp;tax_query%5B1%5D%5B0%5D%5Bfield%5D=term_id&amp;tax_query%5B1%5D%5B0%5D%5Bterms%5D%5B0%5D=26&amp;tax_query%5B1%5D%5B0%5D%5Bterms%5D%5B1%5D=27&amp;tax_query%5B1%5D%5B0%5D%5Bterms%5D%5B2%5D=28&amp;tax_query%5B1%5D%5B0%5D%5Bterms%5D%5B3%5D=29&amp;tax_query%5B1%5D%5B0%5D%5Bterms%5D%5B4%5D=30&amp;tax_query%5B1%5D%5B0%5D%5Bterms%5D%5B5%5D=31&amp;tax_query%5B1%5D%5B0%5D%5Bterms%5D%5B6%5D=32&amp;tax_query%5B1%5D%5B0%5D%5Bterms%5D%5B7%5D=33&amp;tax_query%5B1%5D%5B0%5D%5Bterms%5D%5B8%5D=38&amp;tax_query%5B1%5D%5B0%5D%5Bterms%5D%5B9%5D=37&amp;tax_query%5B1%5D%5B0%5D%5Bterms%5D%5B10%5D=36&amp;tax_query%5B1%5D%5B0%5D%5Bterms%5D%5B11%5D=35&amp;tax_query%5B1%5D%5B0%5D%5Bterms%5D%5B12%5D=34&amp;tax_query%5B1%5D%5B0%5D%5Boperator%5D=IN&amp;orderby=date&amp;meta_query%5Brelation%5D=AND\" data-page=\"1\"><li><a href=\"javascript:;\" data-taxonomy=\"product_cat\" data-page=\"1\" data-tagid=\"\" data-id=\"[&quot;26&quot;,&quot;27&quot;,&quot;28&quot;,&quot;29&quot;,&quot;30&quot;,&quot;31&quot;,&quot;32&quot;,&quot;33&quot;,&quot;38&quot;,&quot;37&quot;,&quot;36&quot;,&quot;35&quot;,&quot;34&quot;]\" class=\"active post-list-filter-item post-list-cat-7af47b3\">Tout<\/a><\/li><li><a href=\"javascript:;\" data-page=\"1\" data-taxonomy=\"product_cat\" data-terms='[\"reseaux-telecoms\"]' data-id=\"26\" class=\"post-list-filter-item \">R\u00e9seaux-T\u00e9l\u00e9coms<\/a><\/li><li><a href=\"javascript:;\" data-page=\"1\" data-taxonomy=\"product_cat\" data-terms='[\"cyber-et-securite-informatique\"]' data-id=\"27\" class=\"post-list-filter-item \">Cyber et Securite Informatique<\/a><\/li><li><a href=\"javascript:;\" data-page=\"1\" data-taxonomy=\"product_cat\" data-terms='[\"virtualisation\"]' data-id=\"28\" class=\"post-list-filter-item \">Virtualisation<\/a><\/li><li><a href=\"javascript:;\" data-page=\"1\" data-taxonomy=\"product_cat\" data-terms='[\"gsm\"]' data-id=\"29\" class=\"post-list-filter-item \">GSM<\/a><\/li><li><a href=\"javascript:;\" data-page=\"1\" data-taxonomy=\"product_cat\" data-terms='[\"normes-iso\"]' data-id=\"30\" class=\"post-list-filter-item \">Normes ISO<\/a><\/li><li><a href=\"javascript:;\" data-page=\"1\" data-taxonomy=\"product_cat\" data-terms='[\"gouvernance-architecture-et-audit\"]' data-id=\"31\" class=\"post-list-filter-item \">Gouvernance Architecture et Audit<\/a><\/li><li><a href=\"javascript:;\" data-page=\"1\" data-taxonomy=\"product_cat\" data-terms='[\"developpement-sgbd-testing\"]' data-id=\"32\" class=\"post-list-filter-item \">D\u00e9veloppement - SGBD - Testing<\/a><\/li><li><a href=\"javascript:;\" data-page=\"1\" data-taxonomy=\"product_cat\" data-terms='[\"gestion-de-projet\"]' data-id=\"33\" class=\"post-list-filter-item \">Gestion de Projet<\/a><\/li><li><a href=\"javascript:;\" data-page=\"1\" data-taxonomy=\"product_cat\" data-terms='[\"informatique-reseau-telecom\"]' data-id=\"38\" class=\"post-list-filter-item \">Informatique &amp; R\u00e9seau Telecom<\/a><\/li><li><a href=\"javascript:;\" data-page=\"1\" data-taxonomy=\"product_cat\" data-terms='[\"developpeur-web-mobile\"]' data-id=\"37\" class=\"post-list-filter-item \">D\u00e9veloppeur web &amp; Mobile<\/a><\/li><li><a href=\"javascript:;\" data-page=\"1\" data-taxonomy=\"product_cat\" data-terms='[\"marketing-digital-communication\"]' data-id=\"36\" class=\"post-list-filter-item \">Marketing Digital &amp; Communication<\/a><\/li><li><a href=\"javascript:;\" data-page=\"1\" data-taxonomy=\"product_cat\" data-terms='[\"specialiste-office\"]' data-id=\"35\" class=\"post-list-filter-item \">Sp\u00e9cialiste Office<\/a><\/li><li><a href=\"javascript:;\" data-page=\"1\" data-taxonomy=\"product_cat\" data-terms='[\"infographe-indesign\"]' data-id=\"34\" class=\"post-list-filter-item \">Infographe \/ Indesign<\/a><\/li><\/ul>\n            <div class=\"woocommerce\">\n\t\t\t\t<ul class=\"products eael-post-appender eael-post-appender-7af47b3\" data-layout-mode=\"masonry\" data-ssi-desktop=\"no\" >\n<li class=\"product  post-1138 type-product status-publish has-post-thumbnail product_cat-formations product_cat-infographe-indesign first instock shipping-taxable product-type-simple\">\n<div class=\"eael-product-wrap\" data-src=\"\" data-src-hover=\"\" >\n        <div class=\"product-image-wrap\">\n        <div class=\"image-wrap\">\n            <img fetchpriority=\"high\" decoding=\"async\" width=\"300\" height=\"300\" src=\"https:\/\/ndist.ci\/ndi-admin\/wp-content\/uploads\/2024\/07\/Graphisme-300x300.png\" class=\"attachment-medium size-medium\" alt=\"Certificat Infographiste (CI)\" loading=\"eager\" srcset=\"https:\/\/ndist.ci\/ndi-admin\/wp-content\/uploads\/2024\/07\/Graphisme-300x300.png 300w, https:\/\/ndist.ci\/ndi-admin\/wp-content\/uploads\/2024\/07\/Graphisme-150x150.png 150w, https:\/\/ndist.ci\/ndi-admin\/wp-content\/uploads\/2024\/07\/Graphisme-768x768.png 768w, https:\/\/ndist.ci\/ndi-admin\/wp-content\/uploads\/2024\/07\/Graphisme-600x600.png 600w, https:\/\/ndist.ci\/ndi-admin\/wp-content\/uploads\/2024\/07\/Graphisme-100x100.png 100w, https:\/\/ndist.ci\/ndi-admin\/wp-content\/uploads\/2024\/07\/Graphisme.png 1000w\" sizes=\"(max-width: 300px) 100vw, 300px\" \/>        <\/div>\n        <div class=\"image-hover-wrap\">\n            <ul class=\"icons-wrap over-box-style\">\n                                    <li class=\"add-to-cart\"><a href=\"https:\/\/ndist.ci\/ndi-admin\/index.php\/produit\/certificat-infographiste-ci\/\" aria-describedby=\"woocommerce_loop_add_to_cart_link_describedby_1138\" data-quantity=\"1\" class=\"button product_type_simple\" data-product_id=\"1138\" data-product_sku=\"\" aria-label=\"En savoir plus sur &ldquo;Certificat Infographiste (CI)&rdquo;\" rel=\"nofollow\" data-success_message=\"\">Lire la suite<\/a>\t<span id=\"woocommerce_loop_add_to_cart_link_describedby_1138\" class=\"screen-reader-text\">\n\t\t\t<\/span>\n<\/li>\n                                                    <li class=\"eael-product-quick-view\">\n                        <a id=\"eael_quick_view_69edf88aec6b1\" data-quickview-setting=\"{&quot;widget_id&quot;:&quot;7af47b3&quot;,&quot;product_id&quot;:1138,&quot;page_id&quot;:623}\"\n                            class=\"eael-product-gallery-open-popup open-popup-link\">\n                            <i class=\"fas fa-eye\"><\/i>\n                        <\/a>\n                    <\/li>\n                                                    <li class=\"view-details\"><a href=\"https:\/\/ndist.ci\/ndi-admin\/index.php\/produit\/certificat-infographiste-ci\/\" aria-label=\"View Details about Certificat Infographiste (CI)\" ><i class=\"fas fa-link\"><\/i><\/a><\/li>\n                            <\/ul>\n        <\/div>\n    <\/div>\n    <div class=\"product-details-wrap\">\n                <div class=\"eael-product-title\">\n            <a href=\"https:\/\/ndist.ci\/ndi-admin\/index.php\/produit\/certificat-infographiste-ci\/\" class=\"woocommerce-LoopProduct-link woocommerce-loop-product__link\"><h2>Certificat Infographiste (CI)<\/h2><\/a>        <\/div>\n    <\/div>\n\n    <\/div>\n<\/li>\n<li class=\"product  post-1136 type-product status-publish has-post-thumbnail product_cat-formations product_cat-specialiste-office instock shipping-taxable product-type-simple\">\n<div class=\"eael-product-wrap\" data-src=\"\" data-src-hover=\"\" >\n        <div class=\"product-image-wrap\">\n        <div class=\"image-wrap\">\n            <img decoding=\"async\" width=\"300\" height=\"300\" src=\"https:\/\/ndist.ci\/ndi-admin\/wp-content\/uploads\/2024\/07\/Office-Specialist-300x300.png\" class=\"attachment-medium size-medium\" alt=\"Certificat Microsoft Office Sp\u00e9cialiste (CMOP)\" loading=\"eager\" srcset=\"https:\/\/ndist.ci\/ndi-admin\/wp-content\/uploads\/2024\/07\/Office-Specialist-300x300.png 300w, https:\/\/ndist.ci\/ndi-admin\/wp-content\/uploads\/2024\/07\/Office-Specialist-150x150.png 150w, https:\/\/ndist.ci\/ndi-admin\/wp-content\/uploads\/2024\/07\/Office-Specialist-768x768.png 768w, https:\/\/ndist.ci\/ndi-admin\/wp-content\/uploads\/2024\/07\/Office-Specialist-600x600.png 600w, https:\/\/ndist.ci\/ndi-admin\/wp-content\/uploads\/2024\/07\/Office-Specialist-100x100.png 100w, https:\/\/ndist.ci\/ndi-admin\/wp-content\/uploads\/2024\/07\/Office-Specialist.png 1000w\" sizes=\"(max-width: 300px) 100vw, 300px\" \/>        <\/div>\n        <div class=\"image-hover-wrap\">\n            <ul class=\"icons-wrap over-box-style\">\n                                    <li class=\"add-to-cart\"><a href=\"https:\/\/ndist.ci\/ndi-admin\/index.php\/produit\/certificat-microsoft-office-specialiste-cmop\/\" aria-describedby=\"woocommerce_loop_add_to_cart_link_describedby_1136\" data-quantity=\"1\" class=\"button product_type_simple\" data-product_id=\"1136\" data-product_sku=\"\" aria-label=\"En savoir plus sur &ldquo;Certificat Microsoft Office Sp\u00e9cialiste (CMOP)&rdquo;\" rel=\"nofollow\" data-success_message=\"\">Lire la suite<\/a>\t<span id=\"woocommerce_loop_add_to_cart_link_describedby_1136\" class=\"screen-reader-text\">\n\t\t\t<\/span>\n<\/li>\n                                                    <li class=\"eael-product-quick-view\">\n                        <a id=\"eael_quick_view_69edf88aed1a0\" data-quickview-setting=\"{&quot;widget_id&quot;:&quot;7af47b3&quot;,&quot;product_id&quot;:1136,&quot;page_id&quot;:623}\"\n                            class=\"eael-product-gallery-open-popup open-popup-link\">\n                            <i class=\"fas fa-eye\"><\/i>\n                        <\/a>\n                    <\/li>\n                                                    <li class=\"view-details\"><a href=\"https:\/\/ndist.ci\/ndi-admin\/index.php\/produit\/certificat-microsoft-office-specialiste-cmop\/\" aria-label=\"View Details about Certificat Microsoft Office Sp\u00e9cialiste (CMOP)\" ><i class=\"fas fa-link\"><\/i><\/a><\/li>\n                            <\/ul>\n        <\/div>\n    <\/div>\n    <div class=\"product-details-wrap\">\n                <div class=\"eael-product-title\">\n            <a href=\"https:\/\/ndist.ci\/ndi-admin\/index.php\/produit\/certificat-microsoft-office-specialiste-cmop\/\" class=\"woocommerce-LoopProduct-link woocommerce-loop-product__link\"><h2>Certificat Microsoft Office Sp\u00e9cialiste (CMOP)<\/h2><\/a>        <\/div>\n    <\/div>\n\n    <\/div>\n<\/li>\n<li class=\"product  post-1134 type-product status-publish has-post-thumbnail product_cat-formations product_cat-marketing-digital-communication instock shipping-taxable product-type-simple\">\n<div class=\"eael-product-wrap\" data-src=\"\" data-src-hover=\"\" >\n        <div class=\"product-image-wrap\">\n        <div class=\"image-wrap\">\n            <img decoding=\"async\" width=\"300\" height=\"300\" src=\"https:\/\/ndist.ci\/ndi-admin\/wp-content\/uploads\/2024\/07\/Marketing-digital-300x300.png\" class=\"attachment-medium size-medium\" alt=\"Certificat Responsable marketing Digital &amp; Communication (CRMDC)\" loading=\"eager\" srcset=\"https:\/\/ndist.ci\/ndi-admin\/wp-content\/uploads\/2024\/07\/Marketing-digital-300x300.png 300w, https:\/\/ndist.ci\/ndi-admin\/wp-content\/uploads\/2024\/07\/Marketing-digital-150x150.png 150w, https:\/\/ndist.ci\/ndi-admin\/wp-content\/uploads\/2024\/07\/Marketing-digital-768x768.png 768w, https:\/\/ndist.ci\/ndi-admin\/wp-content\/uploads\/2024\/07\/Marketing-digital-600x600.png 600w, https:\/\/ndist.ci\/ndi-admin\/wp-content\/uploads\/2024\/07\/Marketing-digital-100x100.png 100w, https:\/\/ndist.ci\/ndi-admin\/wp-content\/uploads\/2024\/07\/Marketing-digital.png 1000w\" sizes=\"(max-width: 300px) 100vw, 300px\" \/>        <\/div>\n        <div class=\"image-hover-wrap\">\n            <ul class=\"icons-wrap over-box-style\">\n                                    <li class=\"add-to-cart\"><a href=\"https:\/\/ndist.ci\/ndi-admin\/index.php\/produit\/certificat-responsable-marketing-digital-communication-crmdc\/\" aria-describedby=\"woocommerce_loop_add_to_cart_link_describedby_1134\" data-quantity=\"1\" class=\"button product_type_simple\" data-product_id=\"1134\" data-product_sku=\"\" aria-label=\"En savoir plus sur &ldquo;Certificat Responsable marketing Digital &amp; Communication (CRMDC)&rdquo;\" rel=\"nofollow\" data-success_message=\"\">Lire la suite<\/a>\t<span id=\"woocommerce_loop_add_to_cart_link_describedby_1134\" class=\"screen-reader-text\">\n\t\t\t<\/span>\n<\/li>\n                                                    <li class=\"eael-product-quick-view\">\n                        <a id=\"eael_quick_view_69edf88aedae9\" data-quickview-setting=\"{&quot;widget_id&quot;:&quot;7af47b3&quot;,&quot;product_id&quot;:1134,&quot;page_id&quot;:623}\"\n                            class=\"eael-product-gallery-open-popup open-popup-link\">\n                            <i class=\"fas fa-eye\"><\/i>\n                        <\/a>\n                    <\/li>\n                                                    <li class=\"view-details\"><a href=\"https:\/\/ndist.ci\/ndi-admin\/index.php\/produit\/certificat-responsable-marketing-digital-communication-crmdc\/\" aria-label=\"View Details about Certificat Responsable marketing Digital &amp; Communication (CRMDC)\" ><i class=\"fas fa-link\"><\/i><\/a><\/li>\n                            <\/ul>\n        <\/div>\n    <\/div>\n    <div class=\"product-details-wrap\">\n                <div class=\"eael-product-title\">\n            <a href=\"https:\/\/ndist.ci\/ndi-admin\/index.php\/produit\/certificat-responsable-marketing-digital-communication-crmdc\/\" class=\"woocommerce-LoopProduct-link woocommerce-loop-product__link\"><h2>Certificat Responsable marketing Digital &amp; Communication (CRMDC)<\/h2><\/a>        <\/div>\n    <\/div>\n\n    <\/div>\n<\/li>\n<li class=\"product  post-1131 type-product status-publish has-post-thumbnail product_cat-developpeur-web-mobile product_cat-formations last instock shipping-taxable product-type-simple\">\n<div class=\"eael-product-wrap\" data-src=\"\" data-src-hover=\"\" >\n        <div class=\"product-image-wrap\">\n        <div class=\"image-wrap\">\n            <img decoding=\"async\" width=\"300\" height=\"300\" src=\"https:\/\/ndist.ci\/ndi-admin\/wp-content\/uploads\/2024\/07\/Dev-Web-Mobile-300x300.png\" class=\"attachment-medium size-medium\" alt=\"Certificat D\u00e9veloppeur Web &amp; Mobile Android (CDWMA)\" loading=\"eager\" srcset=\"https:\/\/ndist.ci\/ndi-admin\/wp-content\/uploads\/2024\/07\/Dev-Web-Mobile-300x300.png 300w, https:\/\/ndist.ci\/ndi-admin\/wp-content\/uploads\/2024\/07\/Dev-Web-Mobile-150x150.png 150w, https:\/\/ndist.ci\/ndi-admin\/wp-content\/uploads\/2024\/07\/Dev-Web-Mobile-768x768.png 768w, https:\/\/ndist.ci\/ndi-admin\/wp-content\/uploads\/2024\/07\/Dev-Web-Mobile-600x600.png 600w, https:\/\/ndist.ci\/ndi-admin\/wp-content\/uploads\/2024\/07\/Dev-Web-Mobile-100x100.png 100w, https:\/\/ndist.ci\/ndi-admin\/wp-content\/uploads\/2024\/07\/Dev-Web-Mobile.png 1000w\" sizes=\"(max-width: 300px) 100vw, 300px\" \/>        <\/div>\n        <div class=\"image-hover-wrap\">\n            <ul class=\"icons-wrap over-box-style\">\n                                    <li class=\"add-to-cart\"><a href=\"https:\/\/ndist.ci\/ndi-admin\/index.php\/produit\/certificat-developpeur-web-mobile-android-cdwma\/\" aria-describedby=\"woocommerce_loop_add_to_cart_link_describedby_1131\" data-quantity=\"1\" class=\"button product_type_simple\" data-product_id=\"1131\" data-product_sku=\"\" aria-label=\"En savoir plus sur &ldquo;Certificat D\u00e9veloppeur Web &amp; Mobile Android (CDWMA)&rdquo;\" rel=\"nofollow\" data-success_message=\"\">Lire la suite<\/a>\t<span id=\"woocommerce_loop_add_to_cart_link_describedby_1131\" class=\"screen-reader-text\">\n\t\t\t<\/span>\n<\/li>\n                                                    <li class=\"eael-product-quick-view\">\n                        <a id=\"eael_quick_view_69edf88aee4c2\" data-quickview-setting=\"{&quot;widget_id&quot;:&quot;7af47b3&quot;,&quot;product_id&quot;:1131,&quot;page_id&quot;:623}\"\n                            class=\"eael-product-gallery-open-popup open-popup-link\">\n                            <i class=\"fas fa-eye\"><\/i>\n                        <\/a>\n                    <\/li>\n                                                    <li class=\"view-details\"><a href=\"https:\/\/ndist.ci\/ndi-admin\/index.php\/produit\/certificat-developpeur-web-mobile-android-cdwma\/\" aria-label=\"View Details about Certificat D\u00e9veloppeur Web &amp; Mobile Android (CDWMA)\" ><i class=\"fas fa-link\"><\/i><\/a><\/li>\n                            <\/ul>\n        <\/div>\n    <\/div>\n    <div class=\"product-details-wrap\">\n                <div class=\"eael-product-title\">\n            <a href=\"https:\/\/ndist.ci\/ndi-admin\/index.php\/produit\/certificat-developpeur-web-mobile-android-cdwma\/\" class=\"woocommerce-LoopProduct-link woocommerce-loop-product__link\"><h2>Certificat D\u00e9veloppeur Web &amp; Mobile Android (CDWMA)<\/h2><\/a>        <\/div>\n    <\/div>\n\n    <\/div>\n<\/li><\/ul>            <div class=\"eael-load-more-button-wrap\">\n                <button class=\"eael-load-more-button\" id=\"eael-load-more-btn-7af47b3\" data-widget-id=\"7af47b3\" data-widget=\"7af47b3\" data-page-id=\"623\" data-template=\"{&quot;dir&quot;:&quot;lite&quot;,&quot;file_name&quot;:&quot;preset-1.php&quot;,&quot;name&quot;:&quot;Woo-Product-Gallery&quot;}\" data-class=\"Essential_Addons_Elementor\\Elements\\Woo_Product_Gallery\" data-layout=\"masonry\" data-page=\"1\" data-args=\"post_type=product&amp;post_status%5B0%5D=publish&amp;post_status%5B1%5D=pending&amp;post_status%5B2%5D=future&amp;posts_per_page=4&amp;order=desc&amp;offset=0&amp;tax_query%5Brelation%5D=AND&amp;tax_query%5B0%5D%5Btaxonomy%5D=product_visibility&amp;tax_query%5B0%5D%5Bfield%5D=name&amp;tax_query%5B0%5D%5Bterms%5D%5B0%5D=exclude-from-search&amp;tax_query%5B0%5D%5Bterms%5D%5B1%5D=exclude-from-catalog&amp;tax_query%5B0%5D%5Boperator%5D=NOT+IN&amp;tax_query%5B1%5D%5Brelation%5D=OR&amp;tax_query%5B1%5D%5B0%5D%5Btaxonomy%5D=product_cat&amp;tax_query%5B1%5D%5B0%5D%5Bfield%5D=term_id&amp;tax_query%5B1%5D%5B0%5D%5Bterms%5D%5B0%5D=26&amp;tax_query%5B1%5D%5B0%5D%5Bterms%5D%5B1%5D=27&amp;tax_query%5B1%5D%5B0%5D%5Bterms%5D%5B2%5D=28&amp;tax_query%5B1%5D%5B0%5D%5Bterms%5D%5B3%5D=29&amp;tax_query%5B1%5D%5B0%5D%5Bterms%5D%5B4%5D=30&amp;tax_query%5B1%5D%5B0%5D%5Bterms%5D%5B5%5D=31&amp;tax_query%5B1%5D%5B0%5D%5Bterms%5D%5B6%5D=32&amp;tax_query%5B1%5D%5B0%5D%5Bterms%5D%5B7%5D=33&amp;tax_query%5B1%5D%5B0%5D%5Bterms%5D%5B8%5D=38&amp;tax_query%5B1%5D%5B0%5D%5Bterms%5D%5B9%5D=37&amp;tax_query%5B1%5D%5B0%5D%5Bterms%5D%5B10%5D=36&amp;tax_query%5B1%5D%5B0%5D%5Bterms%5D%5B11%5D=35&amp;tax_query%5B1%5D%5B0%5D%5Bterms%5D%5B12%5D=34&amp;tax_query%5B1%5D%5B0%5D%5Boperator%5D=IN&amp;orderby=date&amp;meta_query%5Brelation%5D=AND&amp;found_posts=34\" data-max-page=\"9\">\n                    <span class=\"eael-btn-loader button__loader\"><\/span>\n                    <span class=\"eael_load_more_text\">Voir plus<\/span>\n                <\/button>\n            <\/div>\n                        <\/div>\n        <\/div>\n        <script type=\"text\/javascript\">\n\t\t\tjQuery(document).ready(function ($) {\n\t\t\t\tvar $scope = jQuery(\".elementor-element-7af47b3\");\n\t\t\t\tvar $products = $('.products', $scope);\n\t\t\t\tvar $layout_mode = $products.data('layout-mode');\n\n\t\t\t\tif ($layout_mode === 'masonry') {\n\t\t\t\t\t\/\/ init isotope\n\t\t\t\t\tvar $isotope_products = $products.isotope({\n\t\t\t\t\t\t                                          itemSelector: \"li.product\",\n\t\t\t\t\t\t                                          layoutMode: $layout_mode,\n\t\t\t\t\t\t                                          percentPosition: true\n\t\t\t\t\t                                          });\n\n\t\t\t\t\t$isotope_products.imagesLoaded().progress(function () {\n\t\t\t\t\t\t$isotope_products.isotope('layout');\n\t\t\t\t\t})\n\n\t\t\t\t\t$(window).on('resize', function () {\n\t\t\t\t\t\t$isotope_products.isotope('layout');\n\t\t\t\t\t});\n\t\t\t\t}\n\t\t\t});\n        <\/script>\n\t\t\t\t\t\t<\/div>\n\t\t\t\t<\/div>\n\t\t\t\t\t<\/div>\n\t\t\t\t<\/div>\n\t\t\t\t<\/div>\n\t\t\t\t<\/div>\n\t\t\t\t<\/div>\n\t\t","protected":false},"excerpt":{"rendered":"<p>Formations Tout R\u00e9seaux-T\u00e9l\u00e9coms Cyber et Securite Informatique Virtualisation GSM Normes ISO Gouvernance Architecture et Audit D\u00e9veloppement &#8211; SGBD &#8211; Testing Gestion de Projet Informatique &amp; R\u00e9seau Telecom D\u00e9veloppeur web &amp; Mobile Marketing Digital &amp; Communication Sp\u00e9cialiste Office Infographe \/ Indesign Lire la suite Certificat Infographiste (CI) Lire la suite Certificat Microsoft Office Sp\u00e9cialiste (CMOP) Lire [&hellip;]<\/p>\n","protected":false},"author":1,"featured_media":0,"parent":0,"menu_order":0,"comment_status":"closed","ping_status":"closed","template":"","meta":{"footnotes":""},"class_list":["post-623","page","type-page","status-publish","hentry"],"_links":{"self":[{"href":"https:\/\/ndist.ci\/ndi-admin\/index.php\/wp-json\/wp\/v2\/pages\/623","targetHints":{"allow":["GET"]}}],"collection":[{"href":"https:\/\/ndist.ci\/ndi-admin\/index.php\/wp-json\/wp\/v2\/pages"}],"about":[{"href":"https:\/\/ndist.ci\/ndi-admin\/index.php\/wp-json\/wp\/v2\/types\/page"}],"author":[{"embeddable":true,"href":"https:\/\/ndist.ci\/ndi-admin\/index.php\/wp-json\/wp\/v2\/users\/1"}],"replies":[{"embeddable":true,"href":"https:\/\/ndist.ci\/ndi-admin\/index.php\/wp-json\/wp\/v2\/comments?post=623"}],"version-history":[{"count":93,"href":"https:\/\/ndist.ci\/ndi-admin\/index.php\/wp-json\/wp\/v2\/pages\/623\/revisions"}],"predecessor-version":[{"id":1173,"href":"https:\/\/ndist.ci\/ndi-admin\/index.php\/wp-json\/wp\/v2\/pages\/623\/revisions\/1173"}],"wp:attachment":[{"href":"https:\/\/ndist.ci\/ndi-admin\/index.php\/wp-json\/wp\/v2\/media?parent=623"}],"curies":[{"name":"wp","href":"https:\/\/api.w.org\/{rel}","templated":true}]}}