{"id":355,"date":"2024-01-15T15:59:15","date_gmt":"2024-01-15T14:59:15","guid":{"rendered":"https:\/\/ndist.ci\/ndi-admin\/?page_id=355"},"modified":"2024-07-23T17:47:17","modified_gmt":"2024-07-23T15:47:17","slug":"nos-valeurs","status":"publish","type":"page","link":"https:\/\/ndist.ci\/ndi-admin\/index.php\/nos-valeurs\/","title":{"rendered":"Nos valeurs"},"content":{"rendered":"\t\t<div data-elementor-type=\"wp-page\" data-elementor-id=\"355\" class=\"elementor elementor-355\" data-elementor-post-type=\"page\">\n\t\t\t\t<div data-particle_enable=\"false\" data-particle-mobile-disabled=\"false\" class=\"elementor-element elementor-element-7485325 e-con-full e-flex e-con e-parent\" data-id=\"7485325\" data-element_type=\"container\" data-settings=\"{&quot;background_background&quot;:&quot;classic&quot;}\">\n\t\t\t\t<div class=\"elementor-element elementor-element-cbfda4b elementor-widget elementor-widget-heading\" data-id=\"cbfda4b\" data-element_type=\"widget\" data-widget_type=\"heading.default\">\n\t\t\t\t<div class=\"elementor-widget-container\">\n\t\t\t\t\t<h2 class=\"elementor-heading-title elementor-size-default\">Nos valeurs<\/h2>\t\t\t\t<\/div>\n\t\t\t\t<\/div>\n\t\t\t\t<\/div>\n\t\t<div data-particle_enable=\"false\" data-particle-mobile-disabled=\"false\" class=\"elementor-element elementor-element-db1a3d2 e-flex e-con-boxed e-con e-parent\" data-id=\"db1a3d2\" data-element_type=\"container\" data-settings=\"{&quot;background_background&quot;:&quot;classic&quot;}\">\n\t\t\t\t\t<div class=\"e-con-inner\">\n\t\t<div data-particle_enable=\"false\" data-particle-mobile-disabled=\"false\" class=\"elementor-element elementor-element-3f4e3b6 e-flex e-con-boxed e-con e-child\" data-id=\"3f4e3b6\" data-element_type=\"container\">\n\t\t\t\t\t<div class=\"e-con-inner\">\n\t\t<div data-particle_enable=\"false\" data-particle-mobile-disabled=\"false\" class=\"elementor-element elementor-element-86d4de2 e-flex e-con-boxed e-con e-child\" data-id=\"86d4de2\" data-element_type=\"container\">\n\t\t\t\t\t<div class=\"e-con-inner\">\n\t\t\t\t<div class=\"elementor-element elementor-element-6c6b77a elementor-widget elementor-widget-text-editor\" data-id=\"6c6b77a\" data-element_type=\"widget\" data-widget_type=\"text-editor.default\">\n\t\t\t\t<div class=\"elementor-widget-container\">\n\t\t\t\t\t\t\t\t\t<p><strong style=\"color: #7d2523;\">Une Valeur n\u2019est pas seulement une qualit\u00e9 d\u2019entreprise<\/strong>, c\u2019est bien plus encore&nbsp;: un caract\u00e8re, un style, un comportement humain, une fa\u00e7on d\u2019exprimer la personnalit\u00e9 de la soci\u00e9t\u00e9 et de ceux qui la composent, de donner du contraste \u00e0 sa diff\u00e9rence et de renforcer sa coh\u00e9rence.<\/p>\n<p>C\u2019est ainsi que NDIST articule son savoir-\u00eatre autour de 3 Valeurs fortes \u00e0 dimension humaine.<\/p>\n<p>Des Valeurs qui nous ressemblent&nbsp;et qui sont mises en application dans notre quotidien, en interne comme en externe, dans chacun de nos actes.<\/p>\n<ul>\n<li><strong style=\"color: #7d2523;\">L\u2019Engagement<\/strong><strong> : <\/strong>nous nous engageons et r\u00e9alisons nos engagements envers nos clients, nos coll\u00e8gues et nos partenaires d\u2019affaires :\n<\/li><ul>\n<li>En \u00e9tablissant des objectifs clairs et en s\u2019assurant de les atteindre&nbsp;;<\/li>\n<li>En livrant les meilleurs r\u00e9sultats, au meilleur de nos connaissances&nbsp;;<\/li>\n<li>En reconnaissant les r\u00e9ussites de nos employ\u00e9s.<\/li>\n<\/ul>\n\n<\/ul><div><br><\/div>\n<ul>\n<li><strong style=\"color: #7d2523;\">La Rigueur<\/strong><strong>:<\/strong> nous nous devons d\u2019\u00eatre constamment \u00e0 l\u2019\u00e9coute de nos clients avec rigueur et professionnalisme pour nous adapter \u00e0 leurs besoins, les anticiper et construire avec eux une relation solide et de longue dur\u00e9e.<\/li><\/ul><div><br><\/div>\n<ul>\n<li><strong style=\"color: #7d2523;\">L\u2019Innovation&nbsp;<\/strong><strong>: <\/strong>avec audace et imagination, nous tachons de travailler \u00e0 cr\u00e9er les services \u00e0 l\u2019environnement de demain en enrichissant notre m\u00e9tier par une recherche et une technologie innovantes pour apporter toujours plus de qualit\u00e9 de service et de valeur ajout\u00e9e \u00e0 nos clients.<\/li>\n<\/ul>\t\t\t\t\t\t\t\t<\/div>\n\t\t\t\t<\/div>\n\t\t\t\t\t<\/div>\n\t\t\t\t<\/div>\n\t\t\t\t\t<\/div>\n\t\t\t\t<\/div>\n\t\t<div data-particle_enable=\"false\" data-particle-mobile-disabled=\"false\" class=\"elementor-element elementor-element-6ace0b0 e-flex e-con-boxed e-con e-child\" data-id=\"6ace0b0\" data-element_type=\"container\">\n\t\t\t\t\t<div class=\"e-con-inner\">\n\t\t\t\t<div class=\"elementor-element elementor-element-c67b5f8 elementor-widget elementor-widget-image\" data-id=\"c67b5f8\" data-element_type=\"widget\" data-widget_type=\"image.default\">\n\t\t\t\t<div class=\"elementor-widget-container\">\n\t\t\t\t\t\t\t\t\t\t\t\t\t\t\t<img decoding=\"async\" src=\"https:\/\/ndist.ci\/ndi-admin\/wp-content\/uploads\/2024\/01\/7788-scaled.jpg\" title=\"Business meeting sketch concept with top view human hands with o\" alt=\"Business meeting sketch concept with top view human hands with office\" loading=\"lazy\" \/>\t\t\t\t\t\t\t\t\t\t\t\t\t\t\t<\/div>\n\t\t\t\t<\/div>\n\t\t\t\t\t<\/div>\n\t\t\t\t<\/div>\n\t\t\t\t\t<\/div>\n\t\t\t\t<\/div>\n\t\t\t\t<\/div>\n\t\t","protected":false},"excerpt":{"rendered":"<p>Nos valeurs Une Valeur n\u2019est pas seulement une qualit\u00e9 d\u2019entreprise, c\u2019est bien plus encore&nbsp;: un caract\u00e8re, un style, un comportement humain, une fa\u00e7on d\u2019exprimer la personnalit\u00e9 de la soci\u00e9t\u00e9 et de ceux qui la composent, de donner du contraste \u00e0 sa diff\u00e9rence et de renforcer sa coh\u00e9rence. C\u2019est ainsi que NDIST articule son savoir-\u00eatre autour [&hellip;]<\/p>\n","protected":false},"author":1,"featured_media":0,"parent":0,"menu_order":0,"comment_status":"closed","ping_status":"closed","template":"","meta":{"footnotes":""},"class_list":["post-355","page","type-page","status-publish","hentry"],"_links":{"self":[{"href":"https:\/\/ndist.ci\/ndi-admin\/index.php\/wp-json\/wp\/v2\/pages\/355","targetHints":{"allow":["GET"]}}],"collection":[{"href":"https:\/\/ndist.ci\/ndi-admin\/index.php\/wp-json\/wp\/v2\/pages"}],"about":[{"href":"https:\/\/ndist.ci\/ndi-admin\/index.php\/wp-json\/wp\/v2\/types\/page"}],"author":[{"embeddable":true,"href":"https:\/\/ndist.ci\/ndi-admin\/index.php\/wp-json\/wp\/v2\/users\/1"}],"replies":[{"embeddable":true,"href":"https:\/\/ndist.ci\/ndi-admin\/index.php\/wp-json\/wp\/v2\/comments?post=355"}],"version-history":[{"count":18,"href":"https:\/\/ndist.ci\/ndi-admin\/index.php\/wp-json\/wp\/v2\/pages\/355\/revisions"}],"predecessor-version":[{"id":980,"href":"https:\/\/ndist.ci\/ndi-admin\/index.php\/wp-json\/wp\/v2\/pages\/355\/revisions\/980"}],"wp:attachment":[{"href":"https:\/\/ndist.ci\/ndi-admin\/index.php\/wp-json\/wp\/v2\/media?parent=355"}],"curies":[{"name":"wp","href":"https:\/\/api.w.org\/{rel}","templated":true}]}}