{"id":330,"date":"2024-01-15T15:42:58","date_gmt":"2024-01-15T14:42:58","guid":{"rendered":"https:\/\/ndist.ci\/ndi-admin\/?page_id=330"},"modified":"2024-10-03T01:33:10","modified_gmt":"2024-10-02T23:33:10","slug":"qui-sommes-nous","status":"publish","type":"page","link":"https:\/\/ndist.ci\/ndi-admin\/index.php\/qui-sommes-nous\/","title":{"rendered":"Qui sommes-nous"},"content":{"rendered":"\t\t<div data-elementor-type=\"wp-page\" data-elementor-id=\"330\" class=\"elementor elementor-330\" data-elementor-post-type=\"page\">\n\t\t\t\t<div data-particle_enable=\"false\" data-particle-mobile-disabled=\"false\" class=\"elementor-element elementor-element-7485325 e-con-full e-flex e-con e-parent\" data-id=\"7485325\" data-element_type=\"container\" data-settings=\"{&quot;background_background&quot;:&quot;classic&quot;}\">\n\t\t\t\t<div class=\"elementor-element elementor-element-cbfda4b elementor-widget elementor-widget-heading\" data-id=\"cbfda4b\" data-element_type=\"widget\" data-widget_type=\"heading.default\">\n\t\t\t\t<div class=\"elementor-widget-container\">\n\t\t\t\t\t<h2 class=\"elementor-heading-title elementor-size-default\">QUI SOMMES-NOUS ?<\/h2>\t\t\t\t<\/div>\n\t\t\t\t<\/div>\n\t\t\t\t<\/div>\n\t\t<div data-particle_enable=\"false\" data-particle-mobile-disabled=\"false\" class=\"elementor-element elementor-element-db1a3d2 e-flex e-con-boxed e-con e-parent\" data-id=\"db1a3d2\" data-element_type=\"container\" data-settings=\"{&quot;background_background&quot;:&quot;classic&quot;}\">\n\t\t\t\t\t<div class=\"e-con-inner\">\n\t\t<div data-particle_enable=\"false\" data-particle-mobile-disabled=\"false\" class=\"elementor-element elementor-element-3f4e3b6 e-flex e-con-boxed e-con e-child\" data-id=\"3f4e3b6\" data-element_type=\"container\">\n\t\t\t\t\t<div class=\"e-con-inner\">\n\t\t<div data-particle_enable=\"false\" data-particle-mobile-disabled=\"false\" class=\"elementor-element elementor-element-86d4de2 e-flex e-con-boxed e-con e-child\" data-id=\"86d4de2\" data-element_type=\"container\">\n\t\t\t\t\t<div class=\"e-con-inner\">\n\t\t\t\t<div class=\"elementor-element elementor-element-6c6b77a elementor-widget elementor-widget-text-editor\" data-id=\"6c6b77a\" data-element_type=\"widget\" data-widget_type=\"text-editor.default\">\n\t\t\t\t<div class=\"elementor-widget-container\">\n\t\t\t\t\t\t\t\t\t<p>NDIST est une entreprise qui a pour objectif strat\u00e9gique d&rsquo;\u00eatre l&rsquo;interlocuteur incontournable des int\u00e9grateurs de solutions informatiques en C\u00f4te d\u2018Ivoire et dans la sous-r\u00e9gion.<\/p><p>Etant un acteur majeur dans son domaine, elle est sp\u00e9cialis\u00e9e dans la distribution de solutions de s\u00e9curit\u00e9s informatiques et t\u00e9l\u00e9communications.<\/p><p>L&rsquo;atout de NDIST est l&rsquo;expertise et la disponibilit\u00e9 de son \u00e9quipe qui lui permet de fournir le meilleur\u00a0 accompagnement \u00e0 ses clients dans la conception de leurs projets avec des \u00e9quipements de qualit\u00e9.<\/p><p>L\u2018engagement, l&rsquo;int\u00e9grit\u00e9 et l&rsquo;innovation de NDIST aide \u00e0 \u00e9tablir un partenariat fort avec ses clients.<\/p><p>Faire simple et efficace \u00e0 travers des solutions claires et \u00e9volutives reste notre leitmotiv pour satisfaire nos partenaires.<\/p><p>\u00a0<\/p>\t\t\t\t\t\t\t\t<\/div>\n\t\t\t\t<\/div>\n\t\t\t\t\t<\/div>\n\t\t\t\t<\/div>\n\t\t<div data-particle_enable=\"false\" data-particle-mobile-disabled=\"false\" class=\"elementor-element elementor-element-6ace0b0 e-flex e-con-boxed e-con e-child\" data-id=\"6ace0b0\" data-element_type=\"container\">\n\t\t\t\t\t<div class=\"e-con-inner\">\n\t\t\t\t<div class=\"elementor-element elementor-element-c67b5f8 elementor-widget elementor-widget-image\" data-id=\"c67b5f8\" data-element_type=\"widget\" data-widget_type=\"image.default\">\n\t\t\t\t<div class=\"elementor-widget-container\">\n\t\t\t\t\t\t\t\t\t\t\t\t\t\t\t<img fetchpriority=\"high\" decoding=\"async\" width=\"820\" height=\"597\" src=\"https:\/\/ndist.ci\/ndi-admin\/wp-content\/uploads\/2024\/10\/pngegg-2.webp\" class=\"attachment-full size-full wp-image-1181\" alt=\"\" srcset=\"https:\/\/ndist.ci\/ndi-admin\/wp-content\/uploads\/2024\/10\/pngegg-2.webp 820w, https:\/\/ndist.ci\/ndi-admin\/wp-content\/uploads\/2024\/10\/pngegg-2-300x218.webp 300w, https:\/\/ndist.ci\/ndi-admin\/wp-content\/uploads\/2024\/10\/pngegg-2-768x559.webp 768w, https:\/\/ndist.ci\/ndi-admin\/wp-content\/uploads\/2024\/10\/pngegg-2-600x437.webp 600w\" sizes=\"(max-width: 820px) 100vw, 820px\" \/>\t\t\t\t\t\t\t\t\t\t\t\t\t\t\t<\/div>\n\t\t\t\t<\/div>\n\t\t\t\t\t<\/div>\n\t\t\t\t<\/div>\n\t\t\t\t\t<\/div>\n\t\t\t\t<\/div>\n\t\t\t\t\t<\/div>\n\t\t\t\t<\/div>\n\t\t\t\t<\/div>\n\t\t","protected":false},"excerpt":{"rendered":"<p>QUI SOMMES-NOUS ? NDIST est une entreprise qui a pour objectif strat\u00e9gique d&rsquo;\u00eatre l&rsquo;interlocuteur incontournable des int\u00e9grateurs de solutions informatiques en C\u00f4te d\u2018Ivoire et dans la sous-r\u00e9gion. Etant un acteur majeur dans son domaine, elle est sp\u00e9cialis\u00e9e dans la distribution de solutions de s\u00e9curit\u00e9s informatiques et t\u00e9l\u00e9communications. L&rsquo;atout de NDIST est l&rsquo;expertise et la disponibilit\u00e9 [&hellip;]<\/p>\n","protected":false},"author":1,"featured_media":0,"parent":0,"menu_order":0,"comment_status":"closed","ping_status":"closed","template":"","meta":{"footnotes":""},"class_list":["post-330","page","type-page","status-publish","hentry"],"_links":{"self":[{"href":"https:\/\/ndist.ci\/ndi-admin\/index.php\/wp-json\/wp\/v2\/pages\/330","targetHints":{"allow":["GET"]}}],"collection":[{"href":"https:\/\/ndist.ci\/ndi-admin\/index.php\/wp-json\/wp\/v2\/pages"}],"about":[{"href":"https:\/\/ndist.ci\/ndi-admin\/index.php\/wp-json\/wp\/v2\/types\/page"}],"author":[{"embeddable":true,"href":"https:\/\/ndist.ci\/ndi-admin\/index.php\/wp-json\/wp\/v2\/users\/1"}],"replies":[{"embeddable":true,"href":"https:\/\/ndist.ci\/ndi-admin\/index.php\/wp-json\/wp\/v2\/comments?post=330"}],"version-history":[{"count":31,"href":"https:\/\/ndist.ci\/ndi-admin\/index.php\/wp-json\/wp\/v2\/pages\/330\/revisions"}],"predecessor-version":[{"id":1190,"href":"https:\/\/ndist.ci\/ndi-admin\/index.php\/wp-json\/wp\/v2\/pages\/330\/revisions\/1190"}],"wp:attachment":[{"href":"https:\/\/ndist.ci\/ndi-admin\/index.php\/wp-json\/wp\/v2\/media?parent=330"}],"curies":[{"name":"wp","href":"https:\/\/api.w.org\/{rel}","templated":true}]}}